{"id":589,"date":"2023-08-27T02:49:02","date_gmt":"2023-08-27T02:49:02","guid":{"rendered":"https:\/\/lab.mkservices.io\/?page_id=589"},"modified":"2023-10-22T21:07:35","modified_gmt":"2023-10-22T21:07:35","slug":"cyberseguridad","status":"publish","type":"page","link":"https:\/\/lab.mkservices.io\/index.php\/cyberseguridad\/","title":{"rendered":"Cyberseguridad"},"content":{"rendered":"\t\t<div data-elementor-type=\"wp-page\" data-elementor-id=\"589\" class=\"elementor elementor-589\" data-elementor-post-type=\"page\">\n\t\t\t\t<div class=\"elementor-element elementor-element-c6de85c e-grid e-con-boxed e-con e-parent\" data-id=\"c6de85c\" data-element_type=\"container\" data-e-type=\"container\">\n\t\t\t\t\t<div class=\"e-con-inner\">\n\t\t\t\t<div class=\"elementor-element elementor-element-5e45eebc elementor-widget elementor-widget-heading\" data-id=\"5e45eebc\" data-element_type=\"widget\" data-e-type=\"widget\" data-widget_type=\"heading.default\">\n\t\t\t\t<div class=\"elementor-widget-container\">\n\t\t\t\t\t<h1 class=\"elementor-heading-title elementor-size-default\">Ciberseguridad<\/h1>\t\t\t\t<\/div>\n\t\t\t\t<\/div>\n\t\t\t\t\t<\/div>\n\t\t\t\t<\/div>\n\t\t<div class=\"elementor-element elementor-element-026d75c e-grid e-con-boxed e-con e-parent\" data-id=\"026d75c\" data-element_type=\"container\" data-e-type=\"container\">\n\t\t\t\t\t<div class=\"e-con-inner\">\n\t\t\t\t<div class=\"elementor-element elementor-element-31e61d8 elementor-widget elementor-widget-image\" data-id=\"31e61d8\" data-element_type=\"widget\" data-e-type=\"widget\" data-widget_type=\"image.default\">\n\t\t\t\t<div class=\"elementor-widget-container\">\n\t\t\t\t\t\t\t\t\t\t\t\t\t\t\t<img decoding=\"async\" src=\"https:\/\/lab.mkservices.io\/wp-content\/uploads\/elementor\/thumbs\/tech-software-and-computer-web-design-worker-work-2022-12-07-22-13-55-utc-reduced-qbnfoh0s642uyybrrp9sagcg7e6baf4iqvdbz7fw0k.jpg\" title=\"tech-software-and-computer-web-design-worker-work-2022-12-07-22-13-55-utc reduced\" alt=\"Tech, software and computer web design worker working at night on cyber security, programming or co.\" loading=\"lazy\" \/>\t\t\t\t\t\t\t\t\t\t\t\t\t\t\t<\/div>\n\t\t\t\t<\/div>\n\t\t\t\t<div class=\"elementor-element elementor-element-a424a5e elementor-widget elementor-widget-text-editor\" data-id=\"a424a5e\" data-element_type=\"widget\" data-e-type=\"widget\" data-widget_type=\"text-editor.default\">\n\t\t\t\t<div class=\"elementor-widget-container\">\n\t\t\t\t\t\t\t\t\t<p>Todas nuestras implementaciones tienen un enfoque de ciberseguridad con defensa en diferentes capas. Nuestras soluciones brindan gobernabilidad, cumplimiento y continuidad del negocio.<\/p><p>Somos el \u00fanico Partner Platinum de Acronis en Centroam\u00e9rica, empresa l\u00edder global en soluciones de ciberprotecci\u00f3n, integrando seguridad de datos, backup, recuperaci\u00f3n en caso de desastre, soluciones para garantizar la gesti\u00f3n de riesgos en la confidencialidad, integridad y la disponibilidad de informaci\u00f3n cr\u00edtica.\u00a0<\/p><p>Adem\u00e1s somos certificados en COMPTIA, ISO, CISCO, MICROSOFT SERVER, ARISTA, LINUX y m\u00e1s tecnolog\u00edas clave para poder brindarle ciberseguridad a su organizaci\u00f3n.<\/p>\t\t\t\t\t\t\t\t<\/div>\n\t\t\t\t<\/div>\n\t\t\t\t\t<\/div>\n\t\t\t\t<\/div>\n\t\t<div class=\"elementor-element elementor-element-38c94e4 e-grid e-con-boxed e-con e-parent\" data-id=\"38c94e4\" data-element_type=\"container\" data-e-type=\"container\">\n\t\t\t\t\t<div class=\"e-con-inner\">\n\t\t\t\t<div class=\"elementor-element elementor-element-52fb414 elementor-widget elementor-widget-sitemap\" data-id=\"52fb414\" data-element_type=\"widget\" data-e-type=\"widget\" data-widget_type=\"sitemap.default\">\n\t\t\t\t<div class=\"elementor-widget-container\">\n\t\t\t\t\t<div class=\"elementor-sitemap-wrap\"><div class=\"elementor-sitemap-section\"><h2 class=\"elementor-sitemap-title elementor-sitemap-page-title\">Nuestras soluciones de Ciberseguridad<\/h2><ul class=\"elementor-sitemap-list elementor-sitemap-page-list\"><li class=\"elementor-sitemap-item elementor-sitemap-item-page page_item page-item-2830\"><a href=\"https:\/\/lab.mkservices.io\/index.php\/data-loss-prevention-avanzada\/\">Data Loss Prevention (DLP)<\/a><\/li><li class=\"elementor-sitemap-item elementor-sitemap-item-page page_item page-item-2877\"><a href=\"https:\/\/lab.mkservices.io\/index.php\/endpoint-detection-response-edr\/\">Endpoint Detection &amp; Response (EDR)<\/a><\/li><li class=\"elementor-sitemap-item elementor-sitemap-item-page page_item page-item-2808\"><a href=\"https:\/\/lab.mkservices.io\/index.php\/gestion-de-parches-avanzada\/\">Gesti\u00f3n de parches Avanzada<\/a><\/li><li class=\"elementor-sitemap-item elementor-sitemap-item-page page_item page-item-2170\"><a href=\"https:\/\/lab.mkservices.io\/index.php\/proteccion-microsoft-365\/\">Protecci\u00f3n Microsoft 365<\/a><\/li><li class=\"elementor-sitemap-item elementor-sitemap-item-page page_item page-item-2862\"><a href=\"https:\/\/lab.mkservices.io\/index.php\/recuperacion-en-caso-de-desastres\/\">Recuperaci\u00f3n en caso de Desastres<\/a><\/li><li class=\"elementor-sitemap-item elementor-sitemap-item-page page_item page-item-2094\"><a href=\"https:\/\/lab.mkservices.io\/index.php\/respaldo-avanzado-en-la-nube\/\">Respaldo Avanzado en la Nube<\/a><\/li><li class=\"elementor-sitemap-item elementor-sitemap-item-page page_item page-item-1285\"><a href=\"https:\/\/lab.mkservices.io\/index.php\/respaldo-en-la-nube\/\">Respaldo en la Nube<\/a><\/li><li class=\"elementor-sitemap-item elementor-sitemap-item-page page_item page-item-2274\"><a href=\"https:\/\/lab.mkservices.io\/index.php\/seguridad-avanzada\/\">Seguridad Avanzada<\/a><\/li><li class=\"elementor-sitemap-item elementor-sitemap-item-page page_item page-item-2970\"><a href=\"https:\/\/lab.mkservices.io\/index.php\/seguridad-base-entry-level\/\">Seguridad Base &#8211; entry level<\/a><\/li><li class=\"elementor-sitemap-item elementor-sitemap-item-page page_item page-item-2150\"><a href=\"https:\/\/lab.mkservices.io\/index.php\/seguridad-de-correo-electronico-avanzada\/\">Seguridad de correo electr\u00f3nico<\/a><\/li><li class=\"elementor-sitemap-item elementor-sitemap-item-page page_item page-item-2846\"><a href=\"https:\/\/lab.mkservices.io\/index.php\/sincronizar-y-compartir-archivos\/\">Sincronizar y compartir archivos<\/a><\/li><\/ul><\/div><\/div>\t\t\t\t<\/div>\n\t\t\t\t<\/div>\n\t\t\t\t<div class=\"elementor-element elementor-element-70f771f elementor-widget elementor-widget-text-editor\" data-id=\"70f771f\" data-element_type=\"widget\" data-e-type=\"widget\" data-widget_type=\"text-editor.default\">\n\t\t\t\t<div class=\"elementor-widget-container\">\n\t\t\t\t\t\t\t\t\t<p><strong>\u00bfPor qu\u00e9 elegirnos como sus especialistas de cumplimiento y ciberseguridad?<\/strong><\/p><p>Nuestras soluciones son confiables y han sido elegidas por cientos de clientes. Ofrecemos un enfoque integrado para la ciberprotecci\u00f3n, combinando gobernabilidad, cumplimiento, seguridad, accesibilidad y privacidad en una sola plataforma.<\/p><p>Caracter\u00edsticas Principales<strong>:<\/strong><\/p><ol><li><p><strong>Backup y Recuperaci\u00f3n:<\/strong> Garantice la seguridad de sus datos con copias de seguridad r\u00e1pidas, eficientes y seguras. Restaure datos individuales o sistemas completos con facilidad.<\/p><\/li><li><p><strong>Protecci\u00f3n contra Ransomware:<\/strong> Detecte y detenga ataques de ransomware en tiempo real. Mantenga sus datos seguros de amenazas externas.<\/p><\/li><li><p><strong>DRaaS:<\/strong> Recuperaci\u00f3n en caso de Desastre como servicio. Cumpla con los mejores est\u00e1ndares y alcance el RPO, RTO y SLAs que su organizaci\u00f3n requiere. Elija la continuidad del negocio.<\/p><\/li><li><p><strong>Autenticaci\u00f3n con Blockchain:<\/strong> Verifique la integridad y autenticidad de sus datos con la revolucionaria tecnolog\u00eda blockchain.<\/p><\/li><li><p><strong>Protecci\u00f3n de MS365:<\/strong> Uno de los errores m\u00e1s comunes de interpretaci\u00f3n sobre la nube MS365 es que es un respaldo de informaci\u00f3n (One Drive) y de email.<br \/>Realmente es el servicio corporativo l\u00edder de Email y de repositorio de archivos en la nube, pero est\u00e1 tan expuesto a p\u00e9rdidas de informaci\u00f3n y de ciber riesgos como cualquier otra soluci\u00f3n. Nuestra soluci\u00f3n de respaldo y ciber protecci\u00f3n para MS365 le brinda seguridad y garant\u00eda de que nunca perder\u00e1 informaci\u00f3n. Todo con la mejor relaci\u00f3n costo\/beneficio del mercado.<\/p><\/li><\/ol>\t\t\t\t\t\t\t\t<\/div>\n\t\t\t\t<\/div>\n\t\t\t\t\t<\/div>\n\t\t\t\t<\/div>\n\t\t\t\t<\/div>\n\t\t","protected":false},"excerpt":{"rendered":"<p>Ciberseguridad Todas nuestras implementaciones tienen un enfoque de ciberseguridad con defensa en diferentes capas. Nuestras soluciones brindan gobernabilidad, cumplimiento y continuidad del negocio. Somos el \u00fanico Partner Platinum de Acronis en Centroam\u00e9rica, empresa l\u00edder global en soluciones de ciberprotecci\u00f3n, integrando seguridad de datos, backup, recuperaci\u00f3n en caso de desastre, soluciones para garantizar la gesti\u00f3n de [&hellip;]<\/p>\n","protected":false},"author":1,"featured_media":0,"parent":0,"menu_order":0,"comment_status":"closed","ping_status":"closed","template":"elementor_header_footer","meta":{"footnotes":""},"class_list":["post-589","page","type-page","status-publish","hentry"],"rttpg_featured_image_url":null,"rttpg_author":{"display_name":"admin","author_link":"https:\/\/lab.mkservices.io\/index.php\/author\/msanchez\/"},"rttpg_comment":0,"rttpg_category":" <a href=\"https:\/\/lab.mkservices.io\/?taxonomy=translation_priority&#038;term=opcional\" rel=\"tag\">Opcional<\/a>","rttpg_excerpt":"Ciberseguridad Todas nuestras implementaciones tienen un enfoque de ciberseguridad con defensa en diferentes capas. Nuestras soluciones brindan gobernabilidad, cumplimiento y continuidad del negocio. Somos el \u00fanico Partner Platinum de Acronis en Centroam\u00e9rica, empresa l\u00edder global en soluciones de ciberprotecci\u00f3n, integrando seguridad de datos, backup, recuperaci\u00f3n en caso de desastre, soluciones para garantizar la gesti\u00f3n de&hellip;","_links":{"self":[{"href":"https:\/\/lab.mkservices.io\/index.php\/wp-json\/wp\/v2\/pages\/589","targetHints":{"allow":["GET"]}}],"collection":[{"href":"https:\/\/lab.mkservices.io\/index.php\/wp-json\/wp\/v2\/pages"}],"about":[{"href":"https:\/\/lab.mkservices.io\/index.php\/wp-json\/wp\/v2\/types\/page"}],"author":[{"embeddable":true,"href":"https:\/\/lab.mkservices.io\/index.php\/wp-json\/wp\/v2\/users\/1"}],"replies":[{"embeddable":true,"href":"https:\/\/lab.mkservices.io\/index.php\/wp-json\/wp\/v2\/comments?post=589"}],"version-history":[{"count":72,"href":"https:\/\/lab.mkservices.io\/index.php\/wp-json\/wp\/v2\/pages\/589\/revisions"}],"predecessor-version":[{"id":2907,"href":"https:\/\/lab.mkservices.io\/index.php\/wp-json\/wp\/v2\/pages\/589\/revisions\/2907"}],"wp:attachment":[{"href":"https:\/\/lab.mkservices.io\/index.php\/wp-json\/wp\/v2\/media?parent=589"}],"curies":[{"name":"wp","href":"https:\/\/api.w.org\/{rel}","templated":true}]}}