{"id":370,"date":"2023-08-06T23:11:28","date_gmt":"2023-08-06T23:11:28","guid":{"rendered":"https:\/\/lab.mkservices.io\/?page_id=370"},"modified":"2023-08-30T16:15:56","modified_gmt":"2023-08-30T16:15:56","slug":"compromiso","status":"publish","type":"page","link":"https:\/\/lab.mkservices.io\/index.php\/compromiso\/","title":{"rendered":"Compromiso"},"content":{"rendered":"\t\t<div data-elementor-type=\"wp-page\" data-elementor-id=\"370\" class=\"elementor elementor-370\" data-elementor-post-type=\"page\">\n\t\t\t\t<div class=\"elementor-element elementor-element-24950b7 e-flex e-con-boxed e-con e-parent\" data-id=\"24950b7\" data-element_type=\"container\" data-e-type=\"container\">\n\t\t\t\t\t<div class=\"e-con-inner\">\n\t\t<div class=\"elementor-element elementor-element-93cf9a6 e-con-full e-flex e-con e-parent\" data-id=\"93cf9a6\" data-element_type=\"container\" data-e-type=\"container\" data-settings=\"{&quot;background_background&quot;:&quot;classic&quot;}\">\n\t\t\t\t<div class=\"elementor-element elementor-element-6efa050 elementor-widget elementor-widget-heading\" data-id=\"6efa050\" data-element_type=\"widget\" data-e-type=\"widget\" data-widget_type=\"heading.default\">\n\t\t\t\t<div class=\"elementor-widget-container\">\n\t\t\t\t\t<h1 class=\"elementor-heading-title elementor-size-default\">Nuestro Compromiso<\/h1>\t\t\t\t<\/div>\n\t\t\t\t<\/div>\n\t\t\t\t<div class=\"elementor-element elementor-element-c37c460 elementor-widget elementor-widget-image\" data-id=\"c37c460\" data-element_type=\"widget\" data-e-type=\"widget\" data-widget_type=\"image.default\">\n\t\t\t\t<div class=\"elementor-widget-container\">\n\t\t\t\t\t\t\t\t\t\t\t\t\t\t\t<img decoding=\"async\" src=\"https:\/\/lab.mkservices.io\/wp-content\/uploads\/elementor\/thumbs\/hands-qarhgq1e97zpm9e5xz2w0jzta3pa2v8adjfq4j4h5g.jpg\" title=\"hands\" alt=\"hands\" loading=\"lazy\" \/>\t\t\t\t\t\t\t\t\t\t\t\t\t\t\t<\/div>\n\t\t\t\t<\/div>\n\t\t\t\t<div class=\"elementor-element elementor-element-11ce99d elementor-widget__width-inherit elementor-widget elementor-widget-text-editor\" data-id=\"11ce99d\" data-element_type=\"widget\" data-e-type=\"widget\" data-widget_type=\"text-editor.default\">\n\t\t\t\t<div class=\"elementor-widget-container\">\n\t\t\t\t\t\t\t\t\t<p>\u00abEximo\u00bb proviene del lat\u00edn y se traduce como \u00abRemover\u00bb, \u00abQuitar\u00bb, o \u00abLiberar\u00bb. Esta palabra encapsula la esencia y la misi\u00f3n de Grupo Eximo. En el cambiante y a veces abrumador mundo de la tecnolog\u00eda, entendemos que tanto usuarios como proveedores pueden encontrarse con complejidades y desaf\u00edos que obstaculizan su progreso y rendimiento. Es por ello que, en Grupo Eximo, nos hemos comprometido firmemente a apoyar a todos nuestros clientes en su camino tecnol\u00f3gico. Nuestro objetivo principal es ayudarles a superar estas barreras, remover las dificultades y liberar todo su potencial en el \u00e1mbito tecnol\u00f3gico. Creemos en simplificar procesos, en ofrecer soluciones claras y en estar all\u00ed para nuestros clientes en cada paso del camino, garantizando que su experiencia con la tecnolog\u00eda sea fluida, eficiente y libre de obst\u00e1culos. Somos m\u00e1s que un proveedor; somos un aliado en su traves\u00eda tecnol\u00f3gica.<\/p>\t\t\t\t\t\t\t\t<\/div>\n\t\t\t\t<\/div>\n\t\t\t\t<\/div>\n\t\t\t\t\t<\/div>\n\t\t\t\t<\/div>\n\t\t<div class=\"elementor-element elementor-element-037dc9e e-grid e-con-boxed e-con e-parent\" data-id=\"037dc9e\" data-element_type=\"container\" data-e-type=\"container\">\n\t\t\t\t\t<div class=\"e-con-inner\">\n\t\t\t\t<div class=\"elementor-element elementor-element-6970a36 elementor-cta--skin-classic elementor-animated-content elementor-bg-transform elementor-bg-transform-zoom-in elementor-widget elementor-widget-call-to-action\" data-id=\"6970a36\" data-element_type=\"widget\" data-e-type=\"widget\" data-widget_type=\"call-to-action.default\">\n\t\t\t\t<div class=\"elementor-widget-container\">\n\t\t\t\t\t\t\t<div class=\"elementor-cta\">\n\t\t\t\t\t<div class=\"elementor-cta__bg-wrapper\">\n\t\t\t\t<div class=\"elementor-cta__bg elementor-bg\" style=\"background-image: url(https:\/\/lab.mkservices.io\/wp-content\/uploads\/2023\/08\/it-engineer-s-hand-replacing-hard-drive-in-data-ce-2022-12-16-09-59-59-utc-reduced.jpg);\" role=\"img\" aria-label=\"Closeup of male IT engineer&#039;s hand replacing hard drive in SAN storage at data center\"><\/div>\n\t\t\t\t<div class=\"elementor-cta__bg-overlay\"><\/div>\n\t\t\t<\/div>\n\t\t\t\t\t\t\t<div class=\"elementor-cta__content\">\n\t\t\t\t\n\t\t\t\t\t\t\t\t\t<h2 class=\"elementor-cta__title elementor-cta__content-item elementor-content-item\">\n\t\t\t\t\t\t25 a\u00f1os de experiencia\t\t\t\t\t<\/h2>\n\t\t\t\t\n\t\t\t\t\t\t\t\t\t<div class=\"elementor-cta__description elementor-cta__content-item elementor-content-item\">\n\t\t\t\t\t\tFundada en Octubre del a\u00f1o 2009 (con muchos a\u00f1os m\u00e1s de experiencia en la Industria), la primera empresa en la regi\u00f3n Centroamericana y del Caribe en estar 100% enfocada en ofrecer Infraestructura, Plataforma, Aplicaciones y soluciones integrales en La Nube.\t\t\t\t\t<\/div>\n\t\t\t\t\n\t\t\t\t\t\t\t<\/div>\n\t\t\t\t\t\t<\/div>\n\t\t\t\t\t\t<\/div>\n\t\t\t\t<\/div>\n\t\t\t\t<div class=\"elementor-element elementor-element-8afdd5f elementor-cta--skin-classic elementor-animated-content elementor-bg-transform elementor-bg-transform-zoom-in elementor-widget elementor-widget-call-to-action\" data-id=\"8afdd5f\" data-element_type=\"widget\" data-e-type=\"widget\" data-widget_type=\"call-to-action.default\">\n\t\t\t\t<div class=\"elementor-widget-container\">\n\t\t\t\t\t\t\t<div class=\"elementor-cta\">\n\t\t\t\t\t<div class=\"elementor-cta__bg-wrapper\">\n\t\t\t\t<div class=\"elementor-cta__bg elementor-bg\" style=\"background-image: url(https:\/\/lab.mkservices.io\/wp-content\/uploads\/2023\/08\/dan-nelson-AvSFPw5Tp68-unsplash-1024x577.jpg);\" role=\"img\" aria-label=\"dan-nelson-AvSFPw5Tp68-unsplash\"><\/div>\n\t\t\t\t<div class=\"elementor-cta__bg-overlay\"><\/div>\n\t\t\t<\/div>\n\t\t\t\t\t\t\t<div class=\"elementor-cta__content\">\n\t\t\t\t\n\t\t\t\t\t\t\t\t\t<h2 class=\"elementor-cta__title elementor-cta__content-item elementor-content-item\">\n\t\t\t\t\t\t+40 certificaciones\t\t\t\t\t<\/h2>\n\t\t\t\t\n\t\t\t\t\t\t\t\t\t<div class=\"elementor-cta__description elementor-cta__content-item elementor-content-item\">\n\t\t\t\t\t\tNosotros nos certificamos en Microsoft, COMPTia, ISACA, Linux, con muchos a\u00f1os de experiencia y formaci\u00f3n orientada al acompa\u00f1amiento y servicio al cliente. Nos capacitamos y preparamos constantemente para poder brindarles soluciones 360 grados.\t\t\t\t\t<\/div>\n\t\t\t\t\n\t\t\t\t\t\t\t<\/div>\n\t\t\t\t\t\t<\/div>\n\t\t\t\t\t\t<\/div>\n\t\t\t\t<\/div>\n\t\t\t\t<div class=\"elementor-element elementor-element-1abfead elementor-cta--skin-classic elementor-animated-content elementor-bg-transform elementor-bg-transform-zoom-in elementor-widget elementor-widget-call-to-action\" data-id=\"1abfead\" data-element_type=\"widget\" data-e-type=\"widget\" data-widget_type=\"call-to-action.default\">\n\t\t\t\t<div class=\"elementor-widget-container\">\n\t\t\t\t\t\t\t<div class=\"elementor-cta\">\n\t\t\t\t\t<div class=\"elementor-cta__bg-wrapper\">\n\t\t\t\t<div class=\"elementor-cta__bg elementor-bg\" style=\"background-image: url(https:\/\/lab.mkservices.io\/wp-content\/uploads\/2023\/08\/new-data-services-Ar-iTL4QKl4-unsplash-1024x683.jpg);\" role=\"img\" aria-label=\"new-data-services-Ar-iTL4QKl4-unsplash\"><\/div>\n\t\t\t\t<div class=\"elementor-cta__bg-overlay\"><\/div>\n\t\t\t<\/div>\n\t\t\t\t\t\t\t<div class=\"elementor-cta__content\">\n\t\t\t\t\n\t\t\t\t\t\t\t\t\t<h2 class=\"elementor-cta__title elementor-cta__content-item elementor-content-item\">\n\t\t\t\t\t\tCumplimiento \u200b\t\t\t\t\t<\/h2>\n\t\t\t\t\n\t\t\t\t\t\t\t\t\t<div class=\"elementor-cta__description elementor-cta__content-item elementor-content-item\">\n\t\t\t\t\t\tNuestras soluciones de cumplimiento normativo est\u00e1n alineadas a los marcos de trabajo internacionales de la NIST e ISO\/IEC 27001, adem\u00e1s cumplen con los mayores est\u00e1ndares de seguridad las leyes sobre privacidad aplicables, como el RGPD y la ley HIPAA cuando corresponda.\t\t\t\t\t<\/div>\n\t\t\t\t\n\t\t\t\t\t\t\t<\/div>\n\t\t\t\t\t\t<\/div>\n\t\t\t\t\t\t<\/div>\n\t\t\t\t<\/div>\n\t\t\t\t\t<\/div>\n\t\t\t\t<\/div>\n\t\t<div class=\"elementor-element elementor-element-9e56b1e e-flex e-con-boxed e-con e-parent\" data-id=\"9e56b1e\" data-element_type=\"container\" data-e-type=\"container\">\n\t\t\t\t\t<div class=\"e-con-inner\">\n\t\t\t\t<div class=\"elementor-element elementor-element-872ca54 elementor-widget elementor-widget-text-editor\" data-id=\"872ca54\" data-element_type=\"widget\" data-e-type=\"widget\" data-widget_type=\"text-editor.default\">\n\t\t\t\t<div class=\"elementor-widget-container\">\n\t\t\t\t\t\t\t\t\t<p>Fundada en 2009, Grupo eximo se destaca como la pionera en la regi\u00f3n Centro americana y del Caribe dedicada al 100% a servicios de Infraestructura, plataforma y aplicaciones en la nube. Somos l\u00edderes en soluciones personalizadas de nube privada e h\u00edbrida, integrando aplicaciones en la nube con infraestructura local. Atendemos a una amplia gama de clientes en \u00e1reas como infraestructura Microsoft, Linux, plataformas SAP y Oracle, y traslado de aplicaciones locales a la nube.<\/p>\t\t\t\t\t\t\t\t<\/div>\n\t\t\t\t<\/div>\n\t\t\t\t\t<\/div>\n\t\t\t\t<\/div>\n\t\t<div class=\"elementor-element elementor-element-9c60388 e-grid e-con-boxed e-con e-parent\" data-id=\"9c60388\" data-element_type=\"container\" data-e-type=\"container\">\n\t\t\t\t\t<div class=\"e-con-inner\">\n\t\t\t\t<div class=\"elementor-element elementor-element-7f01de8 elementor-widget elementor-widget-text-editor\" data-id=\"7f01de8\" data-element_type=\"widget\" data-e-type=\"widget\" data-widget_type=\"text-editor.default\">\n\t\t\t\t<div class=\"elementor-widget-container\">\n\t\t\t\t\t\t\t\t\t<h1>Nuestro Equipo<\/h1><p>Un grupo de profesionales que le promete:<\/p><p>Simplicidad, Disponibilidad y Diligencia.\u00a0<\/p>\t\t\t\t\t\t\t\t<\/div>\n\t\t\t\t<\/div>\n\t\t\t\t\t<\/div>\n\t\t\t\t<\/div>\n\t\t<div class=\"elementor-element elementor-element-7e64f8a e-grid e-con-boxed e-con e-parent\" data-id=\"7e64f8a\" data-element_type=\"container\" data-e-type=\"container\">\n\t\t\t\t\t<div class=\"e-con-inner\">\n\t\t\t\t<div class=\"elementor-element elementor-element-8cf86a1 elementor-widget-tablet__width-initial elementor-widget-mobile__width-inherit elementor-widget__width-initial elementor-position-top elementor-widget elementor-widget-image-box\" data-id=\"8cf86a1\" data-element_type=\"widget\" data-e-type=\"widget\" data-widget_type=\"image-box.default\">\n\t\t\t\t<div class=\"elementor-widget-container\">\n\t\t\t\t\t<div class=\"elementor-image-box-wrapper\"><figure class=\"elementor-image-box-img\"><img fetchpriority=\"high\" decoding=\"async\" width=\"800\" height=\"800\" src=\"https:\/\/lab.mkservices.io\/wp-content\/uploads\/2023\/08\/Man.H04.2k-1024x1024.png\" class=\"elementor-animation-grow attachment-large size-large wp-image-2340\" alt=\"\" \/><\/figure><div class=\"elementor-image-box-content\"><h4 class=\"elementor-image-box-title\">Johnny Arana<\/h4><p class=\"elementor-image-box-description\">CloudPBX<\/p><\/div><\/div>\t\t\t\t<\/div>\n\t\t\t\t<\/div>\n\t\t\t\t<div class=\"elementor-element elementor-element-4b16769a elementor-widget-tablet__width-initial elementor-widget-mobile__width-inherit elementor-widget__width-initial elementor-position-top elementor-widget elementor-widget-image-box\" data-id=\"4b16769a\" data-element_type=\"widget\" data-e-type=\"widget\" data-widget_type=\"image-box.default\">\n\t\t\t\t<div class=\"elementor-widget-container\">\n\t\t\t\t\t<div class=\"elementor-image-box-wrapper\"><figure class=\"elementor-image-box-img\"><img decoding=\"async\" width=\"1024\" height=\"1024\" src=\"https:\/\/lab.mkservices.io\/wp-content\/uploads\/2023\/08\/Man.H02.2k-reduced.png\" class=\"elementor-animation-grow attachment-full size-full wp-image-2334\" alt=\"\" \/><\/figure><div class=\"elementor-image-box-content\"><h4 class=\"elementor-image-box-title\">Juan Cr\u00faz<\/h4><p class=\"elementor-image-box-description\">Professional Cloud Tech e Infrastructura<\/p><\/div><\/div>\t\t\t\t<\/div>\n\t\t\t\t<\/div>\n\t\t\t\t<div class=\"elementor-element elementor-element-4a8bcb4 elementor-widget-tablet__width-initial elementor-widget-mobile__width-inherit elementor-widget__width-initial elementor-position-top elementor-widget elementor-widget-image-box\" data-id=\"4a8bcb4\" data-element_type=\"widget\" data-e-type=\"widget\" data-widget_type=\"image-box.default\">\n\t\t\t\t<div class=\"elementor-widget-container\">\n\t\t\t\t\t<div class=\"elementor-image-box-wrapper\"><figure class=\"elementor-image-box-img\"><img decoding=\"async\" width=\"2048\" height=\"2048\" src=\"https:\/\/lab.mkservices.io\/wp-content\/uploads\/2023\/08\/Isaac-Casual-Summer-Interacting-Pose-With-Phone.H01.2k.png\" class=\"elementor-animation-grow attachment-full size-full wp-image-2343\" alt=\"\" \/><\/figure><div class=\"elementor-image-box-content\"><h4 class=\"elementor-image-box-title\">Juan Jos\u00e9 Rodr\u00edguez<\/h4><p class=\"elementor-image-box-description\">Professional Cloud Tech e Infrastructura\n<\/p><\/div><\/div>\t\t\t\t<\/div>\n\t\t\t\t<\/div>\n\t\t\t\t<div class=\"elementor-element elementor-element-94b58f9 elementor-widget elementor-widget-spacer\" data-id=\"94b58f9\" data-element_type=\"widget\" data-e-type=\"widget\" data-widget_type=\"spacer.default\">\n\t\t\t\t<div class=\"elementor-widget-container\">\n\t\t\t\t\t\t\t<div class=\"elementor-spacer\">\n\t\t\t<div class=\"elementor-spacer-inner\"><\/div>\n\t\t<\/div>\n\t\t\t\t\t\t<\/div>\n\t\t\t\t<\/div>\n\t\t\t\t\t<\/div>\n\t\t\t\t<\/div>\n\t\t<div class=\"elementor-element elementor-element-8537f31 e-grid e-con-boxed e-con e-parent\" data-id=\"8537f31\" data-element_type=\"container\" data-e-type=\"container\">\n\t\t\t\t\t<div class=\"e-con-inner\">\n\t\t\t\t<div class=\"elementor-element elementor-element-d85bb37 elementor-widget-tablet__width-initial elementor-widget-mobile__width-inherit elementor-widget__width-initial elementor-position-top elementor-widget elementor-widget-image-box\" data-id=\"d85bb37\" data-element_type=\"widget\" data-e-type=\"widget\" data-widget_type=\"image-box.default\">\n\t\t\t\t<div class=\"elementor-widget-container\">\n\t\t\t\t\t<div class=\"elementor-image-box-wrapper\"><figure class=\"elementor-image-box-img\"><img loading=\"lazy\" decoding=\"async\" width=\"800\" height=\"800\" src=\"https:\/\/lab.mkservices.io\/wp-content\/uploads\/2023\/08\/Arnold-Business-Idle-Pose.H01.2k-1024x1024.png\" class=\"elementor-animation-grow attachment-large size-large wp-image-2349\" alt=\"\" \/><\/figure><div class=\"elementor-image-box-content\"><h4 class=\"elementor-image-box-title\">Roy Garc\u00eda Gomez<\/h4><p class=\"elementor-image-box-description\">Professional Cloud Tech e Infrastructura<\/p><\/div><\/div>\t\t\t\t<\/div>\n\t\t\t\t<\/div>\n\t\t\t\t<div class=\"elementor-element elementor-element-e99bcc5 elementor-widget-tablet__width-initial elementor-widget-mobile__width-inherit elementor-widget__width-initial elementor-position-top elementor-widget elementor-widget-image-box\" data-id=\"e99bcc5\" data-element_type=\"widget\" data-e-type=\"widget\" data-widget_type=\"image-box.default\">\n\t\t\t\t<div class=\"elementor-widget-container\">\n\t\t\t\t\t<div class=\"elementor-image-box-wrapper\"><figure class=\"elementor-image-box-img\"><img loading=\"lazy\" decoding=\"async\" width=\"800\" height=\"800\" src=\"https:\/\/lab.mkservices.io\/wp-content\/uploads\/2023\/08\/Tony-DJ-Pose.H01.2k-1024x1024.png\" class=\"elementor-animation-grow attachment-large size-large wp-image-2354\" alt=\"\" \/><\/figure><div class=\"elementor-image-box-content\"><h4 class=\"elementor-image-box-title\">Sergio Trigueros<\/h4><p class=\"elementor-image-box-description\">Professional Cloud Tech e Infrastructura<\/p><\/div><\/div>\t\t\t\t<\/div>\n\t\t\t\t<\/div>\n\t\t\t\t<div class=\"elementor-element elementor-element-b6ec491 elementor-widget elementor-widget-spacer\" data-id=\"b6ec491\" data-element_type=\"widget\" data-e-type=\"widget\" data-widget_type=\"spacer.default\">\n\t\t\t\t<div class=\"elementor-widget-container\">\n\t\t\t\t\t\t\t<div class=\"elementor-spacer\">\n\t\t\t<div class=\"elementor-spacer-inner\"><\/div>\n\t\t<\/div>\n\t\t\t\t\t\t<\/div>\n\t\t\t\t<\/div>\n\t\t\t\t\t<\/div>\n\t\t\t\t<\/div>\n\t\t<div class=\"elementor-element elementor-element-fbdfb34 e-grid e-con-boxed e-con e-parent\" data-id=\"fbdfb34\" data-element_type=\"container\" data-e-type=\"container\">\n\t\t\t\t\t<div class=\"e-con-inner\">\n\t\t\t\t<div class=\"elementor-element elementor-element-737383e elementor-widget elementor-widget-text-editor\" data-id=\"737383e\" data-element_type=\"widget\" data-e-type=\"widget\" data-widget_type=\"text-editor.default\">\n\t\t\t\t<div class=\"elementor-widget-container\">\n\t\t\t\t\t\t\t\t\t<h1>Ventas y Servicio<\/h1>\t\t\t\t\t\t\t\t<\/div>\n\t\t\t\t<\/div>\n\t\t\t\t\t<\/div>\n\t\t\t\t<\/div>\n\t\t<div class=\"elementor-element elementor-element-3541467 e-grid e-con-boxed e-con e-parent\" data-id=\"3541467\" data-element_type=\"container\" data-e-type=\"container\">\n\t\t\t\t\t<div class=\"e-con-inner\">\n\t\t\t\t<div class=\"elementor-element elementor-element-7f75d0c elementor-widget-tablet__width-initial elementor-widget-mobile__width-inherit elementor-widget__width-initial elementor-position-top elementor-widget elementor-widget-image-box\" data-id=\"7f75d0c\" data-element_type=\"widget\" data-e-type=\"widget\" data-widget_type=\"image-box.default\">\n\t\t\t\t<div class=\"elementor-widget-container\">\n\t\t\t\t\t<div class=\"elementor-image-box-wrapper\"><figure class=\"elementor-image-box-img\"><img loading=\"lazy\" decoding=\"async\" width=\"800\" height=\"800\" src=\"https:\/\/lab.mkservices.io\/wp-content\/uploads\/2023\/08\/Man-Standing-with-Coffee-Cup.I15.2k-1024x1024.png\" class=\"elementor-animation-grow attachment-large size-large wp-image-2352\" alt=\"\" \/><\/figure><div class=\"elementor-image-box-content\"><h4 class=\"elementor-image-box-title\">Marco Sanchez<\/h4><p class=\"elementor-image-box-description\">Professional Cloud Sales<\/p><\/div><\/div>\t\t\t\t<\/div>\n\t\t\t\t<\/div>\n\t\t\t\t<div class=\"elementor-element elementor-element-494a261 elementor-widget-tablet__width-initial elementor-widget-mobile__width-inherit elementor-widget__width-initial elementor-position-top elementor-widget elementor-widget-image-box\" data-id=\"494a261\" data-element_type=\"widget\" data-e-type=\"widget\" data-widget_type=\"image-box.default\">\n\t\t\t\t<div class=\"elementor-widget-container\">\n\t\t\t\t\t<div class=\"elementor-image-box-wrapper\"><figure class=\"elementor-image-box-img\"><img loading=\"lazy\" decoding=\"async\" width=\"800\" height=\"800\" src=\"https:\/\/lab.mkservices.io\/wp-content\/uploads\/2023\/08\/Man.I04.2k-1024x1024.png\" class=\"elementor-animation-grow attachment-large size-large wp-image-2360\" alt=\"\" \/><\/figure><div class=\"elementor-image-box-content\"><h4 class=\"elementor-image-box-title\">Allan Montoya<\/h4><p class=\"elementor-image-box-description\">Profesional cloud sales<\/p><\/div><\/div>\t\t\t\t<\/div>\n\t\t\t\t<\/div>\n\t\t\t\t\t<\/div>\n\t\t\t\t<\/div>\n\t\t\t\t<\/div>\n\t\t","protected":false},"excerpt":{"rendered":"<p>Nuestro Compromiso \u00abEximo\u00bb proviene del lat\u00edn y se traduce como \u00abRemover\u00bb, \u00abQuitar\u00bb, o \u00abLiberar\u00bb. Esta palabra encapsula la esencia y la misi\u00f3n de Grupo Eximo. En el cambiante y a veces abrumador mundo de la tecnolog\u00eda, entendemos que tanto usuarios como proveedores pueden encontrarse con complejidades y desaf\u00edos que obstaculizan su progreso y rendimiento. Es [&hellip;]<\/p>\n","protected":false},"author":1,"featured_media":0,"parent":0,"menu_order":0,"comment_status":"closed","ping_status":"closed","template":"elementor_header_footer","meta":{"footnotes":""},"class_list":["post-370","page","type-page","status-publish","hentry"],"rttpg_featured_image_url":null,"rttpg_author":{"display_name":"admin","author_link":"https:\/\/lab.mkservices.io\/index.php\/author\/msanchez\/"},"rttpg_comment":0,"rttpg_category":" <a href=\"https:\/\/lab.mkservices.io\/?taxonomy=translation_priority&#038;term=opcional\" rel=\"tag\">Opcional<\/a>","rttpg_excerpt":"Nuestro Compromiso \u00abEximo\u00bb proviene del lat\u00edn y se traduce como \u00abRemover\u00bb, \u00abQuitar\u00bb, o \u00abLiberar\u00bb. Esta palabra encapsula la esencia y la misi\u00f3n de Grupo Eximo. En el cambiante y a veces abrumador mundo de la tecnolog\u00eda, entendemos que tanto usuarios como proveedores pueden encontrarse con complejidades y desaf\u00edos que obstaculizan su progreso y rendimiento. Es&hellip;","_links":{"self":[{"href":"https:\/\/lab.mkservices.io\/index.php\/wp-json\/wp\/v2\/pages\/370","targetHints":{"allow":["GET"]}}],"collection":[{"href":"https:\/\/lab.mkservices.io\/index.php\/wp-json\/wp\/v2\/pages"}],"about":[{"href":"https:\/\/lab.mkservices.io\/index.php\/wp-json\/wp\/v2\/types\/page"}],"author":[{"embeddable":true,"href":"https:\/\/lab.mkservices.io\/index.php\/wp-json\/wp\/v2\/users\/1"}],"replies":[{"embeddable":true,"href":"https:\/\/lab.mkservices.io\/index.php\/wp-json\/wp\/v2\/comments?post=370"}],"version-history":[{"count":140,"href":"https:\/\/lab.mkservices.io\/index.php\/wp-json\/wp\/v2\/pages\/370\/revisions"}],"predecessor-version":[{"id":2500,"href":"https:\/\/lab.mkservices.io\/index.php\/wp-json\/wp\/v2\/pages\/370\/revisions\/2500"}],"wp:attachment":[{"href":"https:\/\/lab.mkservices.io\/index.php\/wp-json\/wp\/v2\/media?parent=370"}],"curies":[{"name":"wp","href":"https:\/\/api.w.org\/{rel}","templated":true}]}}