{"id":2862,"date":"2023-10-22T19:59:11","date_gmt":"2023-10-22T19:59:11","guid":{"rendered":"https:\/\/lab.mkservices.io\/?page_id=2862"},"modified":"2023-10-22T20:10:23","modified_gmt":"2023-10-22T20:10:23","slug":"recuperacion-en-caso-de-desastres","status":"publish","type":"page","link":"https:\/\/lab.mkservices.io\/index.php\/recuperacion-en-caso-de-desastres\/","title":{"rendered":"Recuperaci\u00f3n en caso de Desastres"},"content":{"rendered":"\t\t<div data-elementor-type=\"page\" data-elementor-id=\"2854\" class=\"elementor elementor-2854\" data-elementor-post-type=\"elementor_library\">\n\t\t\t\t<div class=\"elementor-element elementor-element-1c544678 e-flex e-con-boxed e-con e-parent\" data-id=\"1c544678\" data-element_type=\"container\" data-e-type=\"container\">\n\t\t\t\t\t<div class=\"e-con-inner\">\n\t\t\t\t<div class=\"elementor-element elementor-element-6e5a5833 elementor-widget elementor-widget-heading\" data-id=\"6e5a5833\" data-element_type=\"widget\" data-e-type=\"widget\" data-widget_type=\"heading.default\">\n\t\t\t\t<div class=\"elementor-widget-container\">\n\t\t\t\t\t<h1 class=\"elementor-heading-title elementor-size-default\">Acronis - Recuperaci\u00f3n en caso de desastres<\/h1>\t\t\t\t<\/div>\n\t\t\t\t<\/div>\n\t\t\t\t\t<\/div>\n\t\t\t\t<\/div>\n\t\t<div class=\"elementor-element elementor-element-13ef18cb e-grid e-con-boxed e-con e-parent\" data-id=\"13ef18cb\" data-element_type=\"container\" data-e-type=\"container\">\n\t\t\t\t\t<div class=\"e-con-inner\">\n\t\t\t\t<div class=\"elementor-element elementor-element-43c31c52 elementor-widget elementor-widget-heading\" data-id=\"43c31c52\" data-element_type=\"widget\" data-e-type=\"widget\" data-widget_type=\"heading.default\">\n\t\t\t\t<div class=\"elementor-widget-container\">\n\t\t\t\t\t<h2 class=\"elementor-heading-title elementor-size-default\">Cotiza tu servicio ac\u00e1:<\/h2>\t\t\t\t<\/div>\n\t\t\t\t<\/div>\n\t\t\t\t\t<\/div>\n\t\t\t\t<\/div>\n\t\t<div class=\"elementor-element elementor-element-2115ed7b e-grid e-con-boxed e-con e-parent\" data-id=\"2115ed7b\" data-element_type=\"container\" data-e-type=\"container\">\n\t\t\t\t\t<div class=\"e-con-inner\">\n\t\t\t\t<div class=\"elementor-element elementor-element-c50b6a4 elementor-widget elementor-widget-spacer\" data-id=\"c50b6a4\" data-element_type=\"widget\" data-e-type=\"widget\" data-widget_type=\"spacer.default\">\n\t\t\t\t<div class=\"elementor-widget-container\">\n\t\t\t\t\t\t\t<div class=\"elementor-spacer\">\n\t\t\t<div class=\"elementor-spacer-inner\"><\/div>\n\t\t<\/div>\n\t\t\t\t\t\t<\/div>\n\t\t\t\t<\/div>\n\t\t\t\t<div class=\"elementor-element elementor-element-956b4c7 elementor-align-center elementor-widget elementor-widget-button\" data-id=\"956b4c7\" data-element_type=\"widget\" data-e-type=\"widget\" data-widget_type=\"button.default\">\n\t\t\t\t<div class=\"elementor-widget-container\">\n\t\t\t\t\t\t\t\t\t<div class=\"elementor-button-wrapper\">\n\t\t\t\t\t<a class=\"elementor-button elementor-button-link elementor-size-sm\" href=\"https:\/\/calendly.com\/mkservices\" target=\"_blank\">\n\t\t\t\t\t\t<span class=\"elementor-button-content-wrapper\">\n\t\t\t\t\t\t\t\t\t<span class=\"elementor-button-text\">Agende una Sesi\u00f3n aqu\u00ed para esta cotizar esta Soluci\u00f3n<\/span>\n\t\t\t\t\t<\/span>\n\t\t\t\t\t<\/a>\n\t\t\t\t<\/div>\n\t\t\t\t\t\t\t\t<\/div>\n\t\t\t\t<\/div>\n\t\t\t\t\t<\/div>\n\t\t\t\t<\/div>\n\t\t<div class=\"elementor-element elementor-element-7e022c9d e-flex e-con-boxed e-con e-parent\" data-id=\"7e022c9d\" data-element_type=\"container\" data-e-type=\"container\">\n\t\t\t\t\t<div class=\"e-con-inner\">\n\t\t<div class=\"elementor-element elementor-element-27c49167 e-con-full e-flex e-con e-child\" data-id=\"27c49167\" data-element_type=\"container\" data-e-type=\"container\">\n\t\t\t\t<div class=\"elementor-element elementor-element-315a549 elementor-widget elementor-widget-text-editor\" data-id=\"315a549\" data-element_type=\"widget\" data-e-type=\"widget\" data-widget_type=\"text-editor.default\">\n\t\t\t\t<div class=\"elementor-widget-container\">\n\t\t\t\t\t\t\t\t\t<h1>\u00a0<\/h1><h1>Beneficios<\/h1>\t\t\t\t\t\t\t\t<\/div>\n\t\t\t\t<\/div>\n\t\t\t\t<\/div>\n\t\t<div class=\"elementor-element elementor-element-624f5e55 e-con-full e-flex e-con e-child\" data-id=\"624f5e55\" data-element_type=\"container\" data-e-type=\"container\">\n\t\t\t\t<div class=\"elementor-element elementor-element-49df210 elementor-widget elementor-widget-spacer\" data-id=\"49df210\" data-element_type=\"widget\" data-e-type=\"widget\" data-widget_type=\"spacer.default\">\n\t\t\t\t<div class=\"elementor-widget-container\">\n\t\t\t\t\t\t\t<div class=\"elementor-spacer\">\n\t\t\t<div class=\"elementor-spacer-inner\"><\/div>\n\t\t<\/div>\n\t\t\t\t\t\t<\/div>\n\t\t\t\t<\/div>\n\t\t\t\t<div class=\"elementor-element elementor-element-2f79d31e elementor-widget elementor-widget-text-editor\" data-id=\"2f79d31e\" data-element_type=\"widget\" data-e-type=\"widget\" data-widget_type=\"text-editor.default\">\n\t\t\t\t<div class=\"elementor-widget-container\">\n\t\t\t\t\t\t\t\t\t<p>Depende de aplicaciones y datos esenciales? <br \/>\u00bfEs partner de empresas certificadas ISO?<br \/>\u00bfEst\u00e1 sujeto a requisitos de cumplimiento normativo?<br \/>\u00bfTienen gran dependencia de TI para el funcionamiento empresarial?<br \/>Si respondi\u00f3 Si a alguna de las anteriores, requiere de este servicio.<\/p>\t\t\t\t\t\t\t\t<\/div>\n\t\t\t\t<\/div>\n\t\t\t\t<\/div>\n\t\t\t\t\t<\/div>\n\t\t\t\t<\/div>\n\t\t<div class=\"elementor-element elementor-element-72dd5916 e-grid e-con-boxed e-con e-parent\" data-id=\"72dd5916\" data-element_type=\"container\" data-e-type=\"container\">\n\t\t\t\t\t<div class=\"e-con-inner\">\n\t\t\t\t<div class=\"elementor-element elementor-element-461aad69 elementor-widget elementor-widget-text-editor\" data-id=\"461aad69\" data-element_type=\"widget\" data-e-type=\"widget\" data-widget_type=\"text-editor.default\">\n\t\t\t\t<div class=\"elementor-widget-container\">\n\t\t\t\t\t\t\t\t\t<div data-id=\"75c77f9d\" data-element_type=\"widget\" data-widget_type=\"heading.default\"><div><h3>Incluye:<\/h3><\/div><\/div><div class=\"elementor-element elementor-element-f488ffc elementor-widget elementor-widget-text-editor\" data-id=\"f488ffc\" data-element_type=\"widget\" data-widget_type=\"text-editor.default\"><div class=\"elementor-widget-container\"><ul><li>Recuperaci\u00f3n de minutos, horas.<\/li><li>Test mensuales de funcionalidad.<\/li><li>Mejore los SLA.<\/li><li>Controle los costos.<\/li><li>Recuperaci\u00f3n r\u00e1pida ante un desastre.<\/li><li>Control del cumplimiento de RPO (Recovery Point Objective).<\/li><li>Conmutaci\u00f3n tras recuperaci\u00f3n al sitio principal.<\/li><li>Conmutaci\u00f3n por error, en modo de producci\u00f3n y de prueba.<\/li><li>Almacenamiento de acceso inmediato (hot) o intermedio (warm).<\/li><li>Alta disponibilidad de las aplicaciones cr\u00edticas.<\/li><li>Conexi\u00f3n VPN entre sitios y solo en la Nube.<\/li><li>Recuperaci\u00f3n ante desastres con ciberprotecci\u00f3n.<\/li><li>Runbooks: orquestaci\u00f3n de recuperaci\u00f3n ante desastres.<\/li><li>Opci\u00f3n de implementaci\u00f3n sin VPN.<\/li><li>Compatibilidad con IPsec Multisite VPN, VPN abierta L2 de sitio a sitio.<\/li><li>Configuraci\u00f3n de DNS personalizada.<\/li><\/ul><\/div><\/div>\t\t\t\t\t\t\t\t<\/div>\n\t\t\t\t<\/div>\n\t\t\t\t<div class=\"elementor-element elementor-element-41e57b53 elementor-widget elementor-widget-spacer\" data-id=\"41e57b53\" data-element_type=\"widget\" data-e-type=\"widget\" data-widget_type=\"spacer.default\">\n\t\t\t\t<div class=\"elementor-widget-container\">\n\t\t\t\t\t\t\t<div class=\"elementor-spacer\">\n\t\t\t<div class=\"elementor-spacer-inner\"><\/div>\n\t\t<\/div>\n\t\t\t\t\t\t<\/div>\n\t\t\t\t<\/div>\n\t\t\t\t\t<\/div>\n\t\t\t\t<\/div>\n\t\t<div class=\"elementor-element elementor-element-ca1d599 e-grid e-con-boxed e-con e-parent\" data-id=\"ca1d599\" data-element_type=\"container\" data-e-type=\"container\">\n\t\t\t\t\t<div class=\"e-con-inner\">\n\t\t\t\t<div class=\"elementor-element elementor-element-1d32d046 elementor-widget elementor-widget-text-editor\" data-id=\"1d32d046\" data-element_type=\"widget\" data-e-type=\"widget\" data-widget_type=\"text-editor.default\">\n\t\t\t\t<div class=\"elementor-widget-container\">\n\t\t\t\t\t\t\t\t\t<h3>PROTEGE AHORA<\/h3><p>Tu oficina principal, sucursales, departamento financiero y trabajadores remotos.<\/p>\t\t\t\t\t\t\t\t<\/div>\n\t\t\t\t<\/div>\n\t\t\t\t<div class=\"elementor-element elementor-element-71527e1b elementor-widget elementor-widget-text-editor\" data-id=\"71527e1b\" data-element_type=\"widget\" data-e-type=\"widget\" data-widget_type=\"text-editor.default\">\n\t\t\t\t<div class=\"elementor-widget-container\">\n\t\t\t\t\t\t\t\t\t<h3>ESTAMOS ALINEADOS<\/h3><p>Con los marcos de seguridad del Instituto Nacional de Est\u00e1ndares y Tecnolog\u00eda (NIST) e ISO\/IEC 27001.\u00a0<\/p>\t\t\t\t\t\t\t\t<\/div>\n\t\t\t\t<\/div>\n\t\t\t\t<div class=\"elementor-element elementor-element-361ee41d elementor-widget elementor-widget-text-editor\" data-id=\"361ee41d\" data-element_type=\"widget\" data-e-type=\"widget\" data-widget_type=\"text-editor.default\">\n\t\t\t\t<div class=\"elementor-widget-container\">\n\t\t\t\t\t\t\t\t\t<h3>EFICIENTES EN ECONOM\u00cdA<\/h3><p>Una plataforma tecnol\u00f3gica homog\u00e9nea, un solo agente, una sola consola, todo en una soluci\u00f3n de gran valor para su empresa.<\/p>\t\t\t\t\t\t\t\t<\/div>\n\t\t\t\t<\/div>\n\t\t\t\t\t<\/div>\n\t\t\t\t<\/div>\n\t\t\t\t<\/div>\n\t\t\n","protected":false},"excerpt":{"rendered":"","protected":false},"author":1,"featured_media":0,"parent":0,"menu_order":0,"comment_status":"closed","ping_status":"closed","template":"elementor_header_footer","meta":{"footnotes":""},"class_list":["post-2862","page","type-page","status-publish","hentry"],"rttpg_featured_image_url":null,"rttpg_author":{"display_name":"admin","author_link":"https:\/\/lab.mkservices.io\/index.php\/author\/msanchez\/"},"rttpg_comment":0,"rttpg_category":" <a href=\"https:\/\/lab.mkservices.io\/?taxonomy=translation_priority&#038;term=opcional\" rel=\"tag\">Opcional<\/a>","rttpg_excerpt":null,"_links":{"self":[{"href":"https:\/\/lab.mkservices.io\/index.php\/wp-json\/wp\/v2\/pages\/2862","targetHints":{"allow":["GET"]}}],"collection":[{"href":"https:\/\/lab.mkservices.io\/index.php\/wp-json\/wp\/v2\/pages"}],"about":[{"href":"https:\/\/lab.mkservices.io\/index.php\/wp-json\/wp\/v2\/types\/page"}],"author":[{"embeddable":true,"href":"https:\/\/lab.mkservices.io\/index.php\/wp-json\/wp\/v2\/users\/1"}],"replies":[{"embeddable":true,"href":"https:\/\/lab.mkservices.io\/index.php\/wp-json\/wp\/v2\/comments?post=2862"}],"version-history":[{"count":2,"href":"https:\/\/lab.mkservices.io\/index.php\/wp-json\/wp\/v2\/pages\/2862\/revisions"}],"predecessor-version":[{"id":2893,"href":"https:\/\/lab.mkservices.io\/index.php\/wp-json\/wp\/v2\/pages\/2862\/revisions\/2893"}],"wp:attachment":[{"href":"https:\/\/lab.mkservices.io\/index.php\/wp-json\/wp\/v2\/media?parent=2862"}],"curies":[{"name":"wp","href":"https:\/\/api.w.org\/{rel}","templated":true}]}}