{"id":1519,"date":"2023-08-23T15:03:01","date_gmt":"2023-08-23T15:03:01","guid":{"rendered":"https:\/\/lab.mkservices.io\/?page_id=1519"},"modified":"2023-10-15T19:50:26","modified_gmt":"2023-10-15T19:50:26","slug":"servicios-de-it","status":"publish","type":"page","link":"https:\/\/lab.mkservices.io\/index.php\/servicios-de-it\/","title":{"rendered":"Servicios de IT"},"content":{"rendered":"\t\t<div data-elementor-type=\"wp-page\" data-elementor-id=\"1519\" class=\"elementor elementor-1519\" data-elementor-post-type=\"page\">\n\t\t\t\t<div class=\"elementor-element elementor-element-38f36c75 e-grid e-con-boxed e-con e-parent\" data-id=\"38f36c75\" data-element_type=\"container\" data-e-type=\"container\">\n\t\t\t\t\t<div class=\"e-con-inner\">\n\t\t\t\t<div class=\"elementor-element elementor-element-3a773f69 elementor-widget elementor-widget-heading\" data-id=\"3a773f69\" data-element_type=\"widget\" data-e-type=\"widget\" data-widget_type=\"heading.default\">\n\t\t\t\t<div class=\"elementor-widget-container\">\n\t\t\t\t\t<h1 class=\"elementor-heading-title elementor-size-default\">Servicios de TI<\/h1>\t\t\t\t<\/div>\n\t\t\t\t<\/div>\n\t\t\t\t\t<\/div>\n\t\t\t\t<\/div>\n\t\t<div class=\"elementor-element elementor-element-51836e59 e-grid e-con-boxed e-con e-parent\" data-id=\"51836e59\" data-element_type=\"container\" data-e-type=\"container\">\n\t\t\t\t\t<div class=\"e-con-inner\">\n\t\t\t\t<div class=\"elementor-element elementor-element-58b6df3c elementor-widget elementor-widget-image\" data-id=\"58b6df3c\" data-element_type=\"widget\" data-e-type=\"widget\" data-widget_type=\"image.default\">\n\t\t\t\t<div class=\"elementor-widget-container\">\n\t\t\t\t\t\t\t\t\t\t\t\t\t\t\t<img decoding=\"async\" src=\"https:\/\/lab.mkservices.io\/wp-content\/uploads\/elementor\/thumbs\/mimi-thian-5ZnS3wK6sUg-unsplash-qbicv9732cw06nwugfn7yp8x5a5ou35cwvbapfh7f8.jpg\" title=\"mimi-thian-5ZnS3wK6sUg-unsplash\" alt=\"mimi-thian-5ZnS3wK6sUg-unsplash\" loading=\"lazy\" \/>\t\t\t\t\t\t\t\t\t\t\t\t\t\t\t<\/div>\n\t\t\t\t<\/div>\n\t\t\t\t\t<\/div>\n\t\t\t\t<\/div>\n\t\t<div class=\"elementor-element elementor-element-7ad161e5 e-grid e-con-boxed e-con e-parent\" data-id=\"7ad161e5\" data-element_type=\"container\" data-e-type=\"container\">\n\t\t\t\t\t<div class=\"e-con-inner\">\n\t\t\t\t<div class=\"elementor-element elementor-element-63147d4f elementor-widget elementor-widget-text-editor\" data-id=\"63147d4f\" data-element_type=\"widget\" data-e-type=\"widget\" data-widget_type=\"text-editor.default\">\n\t\t\t\t<div class=\"elementor-widget-container\">\n\t\t\t\t\t\t\t\t\t<p>Servicio especializado de consultor\u00eda, acompa\u00f1amiento y monitoreo, tanto en la Nube como en Sitio sin mayor esfuerzo inicial. Eximo le acompa\u00f1ar\u00e1 en la implementaci\u00f3n de sus equipos de una forma \u00e1gil, r\u00e1pida y segura, trabaje de forma proactiva y evite costosos desastres, elija la Continuidad del Negocio.<\/p><p>\u2022 Servicios tecnol\u00f3gicos integrales, soporte t\u00e9cnico y consultor\u00eda<br \/>\u2022 Implementaciones y migraciones de infraestructura TI<br \/>\u2022 Monitoreo de infraestructura TI<br \/>\u2022 Servicio al cliente y Acompa\u00f1amiento<br \/>\u2022 Aprovisionamiento de equipo de c\u00f3mputo y de licenciamiento<br \/>\u2022 Mesa de Ayuda y asistencia de forma remota<br \/>\u2022 Disponibilidad del servicio<br \/>\u2022 Control de inventario en tiempo real<br \/>\u2022 Unificaci\u00f3n de eventos de seguridad, conozca lo que sucede con sus equipos<br \/>\u2022 Diferentes reportes pre-configurados para que tenga un panorama claro de la infraestructura\u00a0<\/p>\t\t\t\t\t\t\t\t<\/div>\n\t\t\t\t<\/div>\n\t\t\t\t<div class=\"elementor-element elementor-element-ec1e176 elementor-widget elementor-widget-spacer\" data-id=\"ec1e176\" data-element_type=\"widget\" data-e-type=\"widget\" data-widget_type=\"spacer.default\">\n\t\t\t\t<div class=\"elementor-widget-container\">\n\t\t\t\t\t\t\t<div class=\"elementor-spacer\">\n\t\t\t<div class=\"elementor-spacer-inner\"><\/div>\n\t\t<\/div>\n\t\t\t\t\t\t<\/div>\n\t\t\t\t<\/div>\n\t\t\t\t\t<\/div>\n\t\t\t\t<\/div>\n\t\t<div class=\"elementor-element elementor-element-60bece8e e-grid e-con-boxed e-con e-parent\" data-id=\"60bece8e\" data-element_type=\"container\" data-e-type=\"container\">\n\t\t\t\t\t<div class=\"e-con-inner\">\n\t\t\t\t<div class=\"elementor-element elementor-element-21c71746 elementor-widget elementor-widget-text-editor\" data-id=\"21c71746\" data-element_type=\"widget\" data-e-type=\"widget\" data-widget_type=\"text-editor.default\">\n\t\t\t\t<div class=\"elementor-widget-container\">\n\t\t\t\t\t\t\t\t\t<div data-id=\"1cf463e2\" data-element_type=\"widget\" data-widget_type=\"heading.default\"><div><h1>Mesa de Ayuda<\/h1><\/div><\/div><div data-id=\"329468af\" data-element_type=\"widget\" data-widget_type=\"text-editor.default\"><div><p>Disponibilidad y Acompa\u00f1amiento son dos caracter\u00edsticas que le ofreceremos en todo momento. Nuestra mesa de ayuda est\u00e1 disponible para brindarle soporte remoto y ayudarle a resolver los incidentes que se puedan generar. Nuestro staff tiene a\u00f1os de experiencia y las certificaciones requeridas en el \u00e1rea t\u00e9cnica y de servicio al cliente.<\/p><\/div><\/div>\t\t\t\t\t\t\t\t<\/div>\n\t\t\t\t<\/div>\n\t\t\t\t<div class=\"elementor-element elementor-element-77e490f0 elementor-widget elementor-widget-image\" data-id=\"77e490f0\" data-element_type=\"widget\" data-e-type=\"widget\" data-widget_type=\"image.default\">\n\t\t\t\t<div class=\"elementor-widget-container\">\n\t\t\t\t\t\t\t\t\t\t\t\t\t\t\t<img fetchpriority=\"high\" decoding=\"async\" width=\"683\" height=\"683\" src=\"https:\/\/lab.mkservices.io\/wp-content\/uploads\/2023\/08\/side-view-waist-up-of-two-it-programmers-coding-in-2023-03-28-23-20-04-utc-reduced.jpg\" class=\"attachment-large size-large wp-image-1544\" alt=\"\" \/>\t\t\t\t\t\t\t\t\t\t\t\t\t\t\t<\/div>\n\t\t\t\t<\/div>\n\t\t\t\t<div class=\"elementor-element elementor-element-c5d3db5 elementor-widget elementor-widget-spacer\" data-id=\"c5d3db5\" data-element_type=\"widget\" data-e-type=\"widget\" data-widget_type=\"spacer.default\">\n\t\t\t\t<div class=\"elementor-widget-container\">\n\t\t\t\t\t\t\t<div class=\"elementor-spacer\">\n\t\t\t<div class=\"elementor-spacer-inner\"><\/div>\n\t\t<\/div>\n\t\t\t\t\t\t<\/div>\n\t\t\t\t<\/div>\n\t\t\t\t<div class=\"elementor-element elementor-element-1030323 elementor-widget elementor-widget-spacer\" data-id=\"1030323\" data-element_type=\"widget\" data-e-type=\"widget\" data-widget_type=\"spacer.default\">\n\t\t\t\t<div class=\"elementor-widget-container\">\n\t\t\t\t\t\t\t<div class=\"elementor-spacer\">\n\t\t\t<div class=\"elementor-spacer-inner\"><\/div>\n\t\t<\/div>\n\t\t\t\t\t\t<\/div>\n\t\t\t\t<\/div>\n\t\t\t\t<div class=\"elementor-element elementor-element-1f19cd86 elementor-widget elementor-widget-image\" data-id=\"1f19cd86\" data-element_type=\"widget\" data-e-type=\"widget\" data-widget_type=\"image.default\">\n\t\t\t\t<div class=\"elementor-widget-container\">\n\t\t\t\t\t\t\t\t\t\t\t\t\t\t\t<img decoding=\"async\" width=\"800\" height=\"570\" src=\"https:\/\/lab.mkservices.io\/wp-content\/uploads\/2023\/08\/carlos-muza-hpjSkU2UYSU-unsplash-1024x729.jpg\" class=\"attachment-large size-large wp-image-337\" alt=\"\" \/>\t\t\t\t\t\t\t\t\t\t\t\t\t\t\t<\/div>\n\t\t\t\t<\/div>\n\t\t\t\t<div class=\"elementor-element elementor-element-2fbf347c elementor-widget elementor-widget-text-editor\" data-id=\"2fbf347c\" data-element_type=\"widget\" data-e-type=\"widget\" data-widget_type=\"text-editor.default\">\n\t\t\t\t<div class=\"elementor-widget-container\">\n\t\t\t\t\t\t\t\t\t<div data-id=\"548b9e11\" data-element_type=\"widget\" data-widget_type=\"heading.default\"><div><h1>Notificaciones Proactivas<\/h1><\/div><\/div><div data-id=\"5bd17e79\" data-element_type=\"widget\" data-widget_type=\"text-editor.default\"><div><p>Nuestros reportes le permiten recibir actualizaciones y notificaciones pr\u00e1cticamente en tiempo real, as\u00ed como informes detallados de todos sus terminales. Control de inventario en tiempo real, unificaci\u00f3n de eventos de seguridad, conozca lo que sucede con sus equipos.<br \/>Obtenga un panorama claro de su infraestructura.\u00a0<\/p><\/div><\/div>\t\t\t\t\t\t\t\t<\/div>\n\t\t\t\t<\/div>\n\t\t\t\t<div class=\"elementor-element elementor-element-c4c2fb5 elementor-widget elementor-widget-spacer\" data-id=\"c4c2fb5\" data-element_type=\"widget\" data-e-type=\"widget\" data-widget_type=\"spacer.default\">\n\t\t\t\t<div class=\"elementor-widget-container\">\n\t\t\t\t\t\t\t<div class=\"elementor-spacer\">\n\t\t\t<div class=\"elementor-spacer-inner\"><\/div>\n\t\t<\/div>\n\t\t\t\t\t\t<\/div>\n\t\t\t\t<\/div>\n\t\t\t\t<div class=\"elementor-element elementor-element-aa0977b elementor-widget elementor-widget-spacer\" data-id=\"aa0977b\" data-element_type=\"widget\" data-e-type=\"widget\" data-widget_type=\"spacer.default\">\n\t\t\t\t<div class=\"elementor-widget-container\">\n\t\t\t\t\t\t\t<div class=\"elementor-spacer\">\n\t\t\t<div class=\"elementor-spacer-inner\"><\/div>\n\t\t<\/div>\n\t\t\t\t\t\t<\/div>\n\t\t\t\t<\/div>\n\t\t\t\t<div class=\"elementor-element elementor-element-5e8ca690 elementor-widget elementor-widget-text-editor\" data-id=\"5e8ca690\" data-element_type=\"widget\" data-e-type=\"widget\" data-widget_type=\"text-editor.default\">\n\t\t\t\t<div class=\"elementor-widget-container\">\n\t\t\t\t\t\t\t\t\t<div data-id=\"756d945e\" data-element_type=\"widget\" data-widget_type=\"heading.default\"><h1>Servicios integrales<\/h1><\/div><div data-id=\"4fb1a6a\" data-element_type=\"widget\" data-widget_type=\"text-editor.default\"><div><p>Soporte t\u00e9cnico y consultor\u00eda, implementaciones y migraciones de infraestructura TI, monitoreo de infraestructura TI. Le acompa\u00f1amos durante todo el ciclo de vida de la infraestructura de TI, su gesti\u00f3n y su entorno. Soporte predictivo, proactivo y adaptativo. Nuestro equipo esta en constante capacitaci\u00f3n y entrenamiento con las \u00faltimas tendencias de la tecnolog\u00eda.<\/p><\/div><\/div>\t\t\t\t\t\t\t\t<\/div>\n\t\t\t\t<\/div>\n\t\t\t\t<div class=\"elementor-element elementor-element-48291cec elementor-widget elementor-widget-image\" data-id=\"48291cec\" data-element_type=\"widget\" data-e-type=\"widget\" data-widget_type=\"image.default\">\n\t\t\t\t<div class=\"elementor-widget-container\">\n\t\t\t\t\t\t\t\t\t\t\t\t\t\t\t<img decoding=\"async\" width=\"800\" height=\"800\" src=\"https:\/\/lab.mkservices.io\/wp-content\/uploads\/2023\/08\/it-engineer-s-hand-replacing-hard-drive-in-data-ce-2022-12-16-09-59-59-utc-reduced.jpg\" class=\"attachment-large size-large wp-image-1449\" alt=\"\" \/>\t\t\t\t\t\t\t\t\t\t\t\t\t\t\t<\/div>\n\t\t\t\t<\/div>\n\t\t\t\t<div class=\"elementor-element elementor-element-4f96198 elementor-widget elementor-widget-spacer\" data-id=\"4f96198\" data-element_type=\"widget\" data-e-type=\"widget\" data-widget_type=\"spacer.default\">\n\t\t\t\t<div class=\"elementor-widget-container\">\n\t\t\t\t\t\t\t<div class=\"elementor-spacer\">\n\t\t\t<div class=\"elementor-spacer-inner\"><\/div>\n\t\t<\/div>\n\t\t\t\t\t\t<\/div>\n\t\t\t\t<\/div>\n\t\t\t\t<div class=\"elementor-element elementor-element-7b40d36 elementor-widget elementor-widget-spacer\" data-id=\"7b40d36\" data-element_type=\"widget\" data-e-type=\"widget\" data-widget_type=\"spacer.default\">\n\t\t\t\t<div class=\"elementor-widget-container\">\n\t\t\t\t\t\t\t<div class=\"elementor-spacer\">\n\t\t\t<div class=\"elementor-spacer-inner\"><\/div>\n\t\t<\/div>\n\t\t\t\t\t\t<\/div>\n\t\t\t\t<\/div>\n\t\t\t\t<div class=\"elementor-element elementor-element-34df76c elementor-widget elementor-widget-image\" data-id=\"34df76c\" data-element_type=\"widget\" data-e-type=\"widget\" data-widget_type=\"image.default\">\n\t\t\t\t<div class=\"elementor-widget-container\">\n\t\t\t\t\t\t\t\t\t\t\t\t\t\t\t<img loading=\"lazy\" decoding=\"async\" width=\"800\" height=\"536\" src=\"https:\/\/lab.mkservices.io\/wp-content\/uploads\/2023\/08\/aleksei-zhivilov-4CMDPkkST7I-unsplash-1024x686.jpg\" class=\"attachment-large size-large wp-image-376\" alt=\"\" \/>\t\t\t\t\t\t\t\t\t\t\t\t\t\t\t<\/div>\n\t\t\t\t<\/div>\n\t\t\t\t<div class=\"elementor-element elementor-element-47685bd elementor-widget elementor-widget-text-editor\" data-id=\"47685bd\" data-element_type=\"widget\" data-e-type=\"widget\" data-widget_type=\"text-editor.default\">\n\t\t\t\t<div class=\"elementor-widget-container\">\n\t\t\t\t\t\t\t\t\t<div data-id=\"756d945e\" data-element_type=\"widget\" data-widget_type=\"heading.default\"><h1>Aprovisionamiento de equipo de c\u00f3mputo y de licenciamiento<\/h1><\/div><div data-id=\"4fb1a6a\" data-element_type=\"widget\" data-widget_type=\"text-editor.default\"><div><p>Somos Partners y distribuidores directos de las principales casas de soluciones, hardware y software. Le asesoramos encontrando la soluci\u00f3n que su organizaci\u00f3n requiere, pasando a la adquisici\u00f3n, la log\u00edstica, implementaci\u00f3n, puesta en marcha y la integraci\u00f3n al ciclo de vida de la infraestructura de TI.<\/p><\/div><\/div>\t\t\t\t\t\t\t\t<\/div>\n\t\t\t\t<\/div>\n\t\t\t\t\t<\/div>\n\t\t\t\t<\/div>\n\t\t\t\t<\/div>\n\t\t","protected":false},"excerpt":{"rendered":"<p>Servicios de TI Servicio especializado de consultor\u00eda, acompa\u00f1amiento y monitoreo, tanto en la Nube como en Sitio sin mayor esfuerzo inicial. Eximo le acompa\u00f1ar\u00e1 en la implementaci\u00f3n de sus equipos de una forma \u00e1gil, r\u00e1pida y segura, trabaje de forma proactiva y evite costosos desastres, elija la Continuidad del Negocio. \u2022 Servicios tecnol\u00f3gicos integrales, soporte [&hellip;]<\/p>\n","protected":false},"author":1,"featured_media":0,"parent":0,"menu_order":0,"comment_status":"closed","ping_status":"closed","template":"elementor_header_footer","meta":{"footnotes":""},"class_list":["post-1519","page","type-page","status-publish","hentry"],"rttpg_featured_image_url":null,"rttpg_author":{"display_name":"admin","author_link":"https:\/\/lab.mkservices.io\/index.php\/author\/msanchez\/"},"rttpg_comment":0,"rttpg_category":" <a href=\"https:\/\/lab.mkservices.io\/?taxonomy=translation_priority&#038;term=opcional\" rel=\"tag\">Opcional<\/a>","rttpg_excerpt":"Servicios de TI Servicio especializado de consultor\u00eda, acompa\u00f1amiento y monitoreo, tanto en la Nube como en Sitio sin mayor esfuerzo inicial. Eximo le acompa\u00f1ar\u00e1 en la implementaci\u00f3n de sus equipos de una forma \u00e1gil, r\u00e1pida y segura, trabaje de forma proactiva y evite costosos desastres, elija la Continuidad del Negocio. \u2022 Servicios tecnol\u00f3gicos integrales, soporte&hellip;","_links":{"self":[{"href":"https:\/\/lab.mkservices.io\/index.php\/wp-json\/wp\/v2\/pages\/1519","targetHints":{"allow":["GET"]}}],"collection":[{"href":"https:\/\/lab.mkservices.io\/index.php\/wp-json\/wp\/v2\/pages"}],"about":[{"href":"https:\/\/lab.mkservices.io\/index.php\/wp-json\/wp\/v2\/types\/page"}],"author":[{"embeddable":true,"href":"https:\/\/lab.mkservices.io\/index.php\/wp-json\/wp\/v2\/users\/1"}],"replies":[{"embeddable":true,"href":"https:\/\/lab.mkservices.io\/index.php\/wp-json\/wp\/v2\/comments?post=1519"}],"version-history":[{"count":58,"href":"https:\/\/lab.mkservices.io\/index.php\/wp-json\/wp\/v2\/pages\/1519\/revisions"}],"predecessor-version":[{"id":2562,"href":"https:\/\/lab.mkservices.io\/index.php\/wp-json\/wp\/v2\/pages\/1519\/revisions\/2562"}],"wp:attachment":[{"href":"https:\/\/lab.mkservices.io\/index.php\/wp-json\/wp\/v2\/media?parent=1519"}],"curies":[{"name":"wp","href":"https:\/\/api.w.org\/{rel}","templated":true}]}}