{"id":1473,"date":"2023-08-23T05:09:03","date_gmt":"2023-08-23T05:09:03","guid":{"rendered":"https:\/\/lab.mkservices.io\/?page_id=1473"},"modified":"2023-08-30T15:50:30","modified_gmt":"2023-08-30T15:50:30","slug":"cloud-pbx","status":"publish","type":"page","link":"https:\/\/lab.mkservices.io\/index.php\/cloud-pbx\/","title":{"rendered":"Cloud PBX"},"content":{"rendered":"\t\t<div data-elementor-type=\"wp-page\" data-elementor-id=\"1473\" class=\"elementor elementor-1473\" data-elementor-post-type=\"page\">\n\t\t\t\t<div class=\"elementor-element elementor-element-5ffd6aa9 e-grid e-con-boxed e-con e-parent\" data-id=\"5ffd6aa9\" data-element_type=\"container\" data-e-type=\"container\">\n\t\t\t\t\t<div class=\"e-con-inner\">\n\t\t\t\t<div class=\"elementor-element elementor-element-62ed1cc1 elementor-widget elementor-widget-heading\" data-id=\"62ed1cc1\" data-element_type=\"widget\" data-e-type=\"widget\" data-widget_type=\"heading.default\">\n\t\t\t\t<div class=\"elementor-widget-container\">\n\t\t\t\t\t<h1 class=\"elementor-heading-title elementor-size-default\">Cloud PBX<\/h1>\t\t\t\t<\/div>\n\t\t\t\t<\/div>\n\t\t\t\t\t<\/div>\n\t\t\t\t<\/div>\n\t\t<div class=\"elementor-element elementor-element-66064915 e-grid e-con-boxed e-con e-parent\" data-id=\"66064915\" data-element_type=\"container\" data-e-type=\"container\">\n\t\t\t\t\t<div class=\"e-con-inner\">\n\t\t\t\t<div class=\"elementor-element elementor-element-4e029940 elementor-widget elementor-widget-image\" data-id=\"4e029940\" data-element_type=\"widget\" data-e-type=\"widget\" data-widget_type=\"image.default\">\n\t\t\t\t<div class=\"elementor-widget-container\">\n\t\t\t\t\t\t\t\t\t\t\t\t\t\t\t<img decoding=\"async\" src=\"https:\/\/lab.mkservices.io\/wp-content\/uploads\/elementor\/thumbs\/asia-young-call-center-team-or-customer-support-se-2021-09-04-09-23-55-utcreduced-banner-qbd5ecxusk5qal269oqju9f76olv9jhzcxp1go4st0.jpg\" title=\"Millennial Asia young call center team or customer support servi\" alt=\"Millennial Asia young call center team or customer support service executive using computer and microphone headset working technical support in late night office. Telemarketing or sales job concept.\" loading=\"lazy\" \/>\t\t\t\t\t\t\t\t\t\t\t\t\t\t\t<\/div>\n\t\t\t\t<\/div>\n\t\t\t\t\t<\/div>\n\t\t\t\t<\/div>\n\t\t<div class=\"elementor-element elementor-element-5123f3b7 e-grid e-con-boxed e-con e-parent\" data-id=\"5123f3b7\" data-element_type=\"container\" data-e-type=\"container\">\n\t\t\t\t\t<div class=\"e-con-inner\">\n\t\t\t\t<div class=\"elementor-element elementor-element-2914ea18 elementor-widget elementor-widget-text-editor\" data-id=\"2914ea18\" data-element_type=\"widget\" data-e-type=\"widget\" data-widget_type=\"text-editor.default\">\n\t\t\t\t<div class=\"elementor-widget-container\">\n\t\t\t\t\t\t\t\t\t<p>Ofrecemos soluciones CloudPBX virtuales que permiten a nuestros clientes obtener todos los beneficios de una central telef\u00f3nica de avanzada y de una central telef\u00f3nica IP sin realizar altas inversiones en equipo y con un tiempo de implementaci\u00f3n de horas.<\/p><p>Algunos beneficios de nuestro servicio son:<\/p><ul><li>Recepcionista digital de varios niveles (IVR)<\/li><li>Correo de Voz en cada extensi\u00f3n<\/li><li>Direccionamiento del correo de voz al email del usuario<\/li><li>Grupos de llamadas<\/li><li>Sala de conferencias de voz<\/li><li>Posibilidad de conexi\u00f3n de extensiones en cualquier lugar del pa\u00eds o del mundo<\/li><li>Disponibilidad de extensiones en m\u00faltiples equipos: Tel\u00e9fonos IP, PC\u2019s, Laptops, Smartphones<\/li><\/ul>\t\t\t\t\t\t\t\t<\/div>\n\t\t\t\t<\/div>\n\t\t\t\t<div class=\"elementor-element elementor-element-d8740c0 elementor-widget elementor-widget-spacer\" data-id=\"d8740c0\" data-element_type=\"widget\" data-e-type=\"widget\" data-widget_type=\"spacer.default\">\n\t\t\t\t<div class=\"elementor-widget-container\">\n\t\t\t\t\t\t\t<div class=\"elementor-spacer\">\n\t\t\t<div class=\"elementor-spacer-inner\"><\/div>\n\t\t<\/div>\n\t\t\t\t\t\t<\/div>\n\t\t\t\t<\/div>\n\t\t\t\t\t<\/div>\n\t\t\t\t<\/div>\n\t\t<div class=\"elementor-element elementor-element-5fa34611 e-grid e-con-boxed e-con e-parent\" data-id=\"5fa34611\" data-element_type=\"container\" data-e-type=\"container\">\n\t\t\t\t\t<div class=\"e-con-inner\">\n\t\t\t\t<div class=\"elementor-element elementor-element-3575cb22 elementor-widget elementor-widget-text-editor\" data-id=\"3575cb22\" data-element_type=\"widget\" data-e-type=\"widget\" data-widget_type=\"text-editor.default\">\n\t\t\t\t<div class=\"elementor-widget-container\">\n\t\t\t\t\t\t\t\t\t<div data-id=\"1cf463e2\" data-element_type=\"widget\" data-widget_type=\"heading.default\"><div><h1>Soluciones Seguras<\/h1><\/div><\/div><div class=\"elementor-element elementor-element-329468af elementor-widget elementor-widget-text-editor\" data-id=\"329468af\" data-element_type=\"widget\" data-widget_type=\"text-editor.default\"><div class=\"elementor-widget-container\"><p>Configuraci\u00f3n de acceso geo referencial (Costa Rica).\u00a0 Solo se permiten llamadas de IP\u2019s de Costa Rica (apertura controlada). Configuraci\u00f3n contra ataques de fuerza bruta.\u00a0Bloqueo de ip en caso de intentos fallidos. Bloqueo de acceso Web, Bloqueo de Acceso por SSH, etc.<\/p><\/div><\/div>\t\t\t\t\t\t\t\t<\/div>\n\t\t\t\t<\/div>\n\t\t\t\t<div class=\"elementor-element elementor-element-734359bf elementor-widget elementor-widget-image\" data-id=\"734359bf\" data-element_type=\"widget\" data-e-type=\"widget\" data-widget_type=\"image.default\">\n\t\t\t\t<div class=\"elementor-widget-container\">\n\t\t\t\t\t\t\t\t\t\t\t\t\t\t\t<img fetchpriority=\"high\" decoding=\"async\" width=\"800\" height=\"800\" src=\"https:\/\/lab.mkservices.io\/wp-content\/uploads\/2023\/08\/server-room-laptop-and-black-man-technician-with-2023-03-01-20-57-22-utc-reduced.jpg\" class=\"attachment-large size-large wp-image-1445\" alt=\"\" \/>\t\t\t\t\t\t\t\t\t\t\t\t\t\t\t<\/div>\n\t\t\t\t<\/div>\n\t\t\t\t<div class=\"elementor-element elementor-element-5f10362 elementor-widget elementor-widget-spacer\" data-id=\"5f10362\" data-element_type=\"widget\" data-e-type=\"widget\" data-widget_type=\"spacer.default\">\n\t\t\t\t<div class=\"elementor-widget-container\">\n\t\t\t\t\t\t\t<div class=\"elementor-spacer\">\n\t\t\t<div class=\"elementor-spacer-inner\"><\/div>\n\t\t<\/div>\n\t\t\t\t\t\t<\/div>\n\t\t\t\t<\/div>\n\t\t\t\t<div class=\"elementor-element elementor-element-2b292dc elementor-widget elementor-widget-spacer\" data-id=\"2b292dc\" data-element_type=\"widget\" data-e-type=\"widget\" data-widget_type=\"spacer.default\">\n\t\t\t\t<div class=\"elementor-widget-container\">\n\t\t\t\t\t\t\t<div class=\"elementor-spacer\">\n\t\t\t<div class=\"elementor-spacer-inner\"><\/div>\n\t\t<\/div>\n\t\t\t\t\t\t<\/div>\n\t\t\t\t<\/div>\n\t\t\t\t<div class=\"elementor-element elementor-element-586801e9 elementor-widget elementor-widget-image\" data-id=\"586801e9\" data-element_type=\"widget\" data-e-type=\"widget\" data-widget_type=\"image.default\">\n\t\t\t\t<div class=\"elementor-widget-container\">\n\t\t\t\t\t\t\t\t\t\t\t\t\t\t\t<img decoding=\"async\" width=\"800\" height=\"800\" src=\"https:\/\/lab.mkservices.io\/wp-content\/uploads\/2023\/08\/it-support-at-your-service-portrait-of-two-confid-2022-09-27-00-14-02-utc-reduced.jpg\" class=\"attachment-large size-large wp-image-1447\" alt=\"\" \/>\t\t\t\t\t\t\t\t\t\t\t\t\t\t\t<\/div>\n\t\t\t\t<\/div>\n\t\t\t\t<div class=\"elementor-element elementor-element-3895a9b3 elementor-widget elementor-widget-text-editor\" data-id=\"3895a9b3\" data-element_type=\"widget\" data-e-type=\"widget\" data-widget_type=\"text-editor.default\">\n\t\t\t\t<div class=\"elementor-widget-container\">\n\t\t\t\t\t\t\t\t\t<div data-id=\"548b9e11\" data-element_type=\"widget\" data-widget_type=\"heading.default\"><div><h1>Soporte<\/h1><\/div><\/div><div data-id=\"5bd17e79\" data-element_type=\"widget\" data-widget_type=\"text-editor.default\"><div><p>Nuestro equipo de expertos, altamente capacitado y dedicado, est\u00e1 siempre listo para brindarle una atenci\u00f3n detallada y precisa sobre cualquier incidente que pueda surgir. Si tiene dudas o inquietudes relacionadas con centrales IP, o si presenta alguna necesidad espec\u00edfica en este \u00e1mbito, puede confiar en nosotros para obtener una respuesta adecuada y soluciones eficientes. Estamos comprometidos con su satisfacci\u00f3n y con ofrecer un servicio de excelencia en todo momento.<\/p><\/div><\/div>\t\t\t\t\t\t\t\t<\/div>\n\t\t\t\t<\/div>\n\t\t\t\t<div class=\"elementor-element elementor-element-740ecc4 elementor-widget elementor-widget-spacer\" data-id=\"740ecc4\" data-element_type=\"widget\" data-e-type=\"widget\" data-widget_type=\"spacer.default\">\n\t\t\t\t<div class=\"elementor-widget-container\">\n\t\t\t\t\t\t\t<div class=\"elementor-spacer\">\n\t\t\t<div class=\"elementor-spacer-inner\"><\/div>\n\t\t<\/div>\n\t\t\t\t\t\t<\/div>\n\t\t\t\t<\/div>\n\t\t\t\t<div class=\"elementor-element elementor-element-003a0e3 elementor-widget elementor-widget-spacer\" data-id=\"003a0e3\" data-element_type=\"widget\" data-e-type=\"widget\" data-widget_type=\"spacer.default\">\n\t\t\t\t<div class=\"elementor-widget-container\">\n\t\t\t\t\t\t\t<div class=\"elementor-spacer\">\n\t\t\t<div class=\"elementor-spacer-inner\"><\/div>\n\t\t<\/div>\n\t\t\t\t\t\t<\/div>\n\t\t\t\t<\/div>\n\t\t\t\t<div class=\"elementor-element elementor-element-255619f2 elementor-widget elementor-widget-text-editor\" data-id=\"255619f2\" data-element_type=\"widget\" data-e-type=\"widget\" data-widget_type=\"text-editor.default\">\n\t\t\t\t<div class=\"elementor-widget-container\">\n\t\t\t\t\t\t\t\t\t<div data-id=\"756d945e\" data-element_type=\"widget\" data-widget_type=\"heading.default\">\n<div>\n<h1>Servicio<\/h1>\n<\/div>\n<\/div>\n<div class=\"elementor-element elementor-element-4fb1a6a elementor-widget elementor-widget-text-editor\" data-id=\"4fb1a6a\" data-element_type=\"widget\" data-widget_type=\"text-editor.default\">\n<div class=\"elementor-widget-container\">\n<p>Brindamos la facilidad de darle toda la soluci\u00f3n de telefon\u00eda IP (tel\u00e9fonos, centrales, diademas) bajo un modelo de servicio, donde con una c\u00f3moda mensualidad obtendr\u00e1 toda la soluci\u00f3n 100% funcional, adem\u00e1s tendr\u00e1 la opci\u00f3n de recibir soporte t\u00e9cnico por una fracci\u00f3n de costo.<\/p>\n<p>\u00a1No invierta de m\u00e1s! Bajo esta modalidad reemplazamos cualquier unidad da\u00f1ada (defecto de f\u00e1brica) y tendr\u00e1 la central siempre disponible.<\/p>\n<\/div>\n<\/div>\t\t\t\t\t\t\t\t<\/div>\n\t\t\t\t<\/div>\n\t\t\t\t<div class=\"elementor-element elementor-element-36729ab5 elementor-widget elementor-widget-image\" data-id=\"36729ab5\" data-element_type=\"widget\" data-e-type=\"widget\" data-widget_type=\"image.default\">\n\t\t\t\t<div class=\"elementor-widget-container\">\n\t\t\t\t\t\t\t\t\t\t\t\t\t\t\t<img decoding=\"async\" width=\"800\" height=\"800\" src=\"https:\/\/lab.mkservices.io\/wp-content\/uploads\/2023\/08\/it-engineer-s-hand-replacing-hard-drive-in-data-ce-2022-12-16-09-59-59-utc-reduced.jpg\" class=\"attachment-large size-large wp-image-1449\" alt=\"\" \/>\t\t\t\t\t\t\t\t\t\t\t\t\t\t\t<\/div>\n\t\t\t\t<\/div>\n\t\t\t\t\t<\/div>\n\t\t\t\t<\/div>\n\t\t<div class=\"elementor-element elementor-element-cc8fc02 e-flex e-con-boxed e-con e-parent\" data-id=\"cc8fc02\" data-element_type=\"container\" data-e-type=\"container\">\n\t\t\t\t\t<div class=\"e-con-inner\">\n\t\t\t\t\t<\/div>\n\t\t\t\t<\/div>\n\t\t\t\t<\/div>\n\t\t","protected":false},"excerpt":{"rendered":"<p>Cloud PBX Ofrecemos soluciones CloudPBX virtuales que permiten a nuestros clientes obtener todos los beneficios de una central telef\u00f3nica de avanzada y de una central telef\u00f3nica IP sin realizar altas inversiones en equipo y con un tiempo de implementaci\u00f3n de horas. Algunos beneficios de nuestro servicio son: Recepcionista digital de varios niveles (IVR) Correo de [&hellip;]<\/p>\n","protected":false},"author":1,"featured_media":0,"parent":0,"menu_order":0,"comment_status":"closed","ping_status":"closed","template":"elementor_header_footer","meta":{"footnotes":""},"class_list":["post-1473","page","type-page","status-publish","hentry"],"rttpg_featured_image_url":null,"rttpg_author":{"display_name":"admin","author_link":"https:\/\/lab.mkservices.io\/index.php\/author\/msanchez\/"},"rttpg_comment":0,"rttpg_category":" <a href=\"https:\/\/lab.mkservices.io\/?taxonomy=translation_priority&#038;term=opcional\" rel=\"tag\">Opcional<\/a>","rttpg_excerpt":"Cloud PBX Ofrecemos soluciones CloudPBX virtuales que permiten a nuestros clientes obtener todos los beneficios de una central telef\u00f3nica de avanzada y de una central telef\u00f3nica IP sin realizar altas inversiones en equipo y con un tiempo de implementaci\u00f3n de horas. Algunos beneficios de nuestro servicio son: Recepcionista digital de varios niveles (IVR) Correo de&hellip;","_links":{"self":[{"href":"https:\/\/lab.mkservices.io\/index.php\/wp-json\/wp\/v2\/pages\/1473","targetHints":{"allow":["GET"]}}],"collection":[{"href":"https:\/\/lab.mkservices.io\/index.php\/wp-json\/wp\/v2\/pages"}],"about":[{"href":"https:\/\/lab.mkservices.io\/index.php\/wp-json\/wp\/v2\/types\/page"}],"author":[{"embeddable":true,"href":"https:\/\/lab.mkservices.io\/index.php\/wp-json\/wp\/v2\/users\/1"}],"replies":[{"embeddable":true,"href":"https:\/\/lab.mkservices.io\/index.php\/wp-json\/wp\/v2\/comments?post=1473"}],"version-history":[{"count":53,"href":"https:\/\/lab.mkservices.io\/index.php\/wp-json\/wp\/v2\/pages\/1473\/revisions"}],"predecessor-version":[{"id":2466,"href":"https:\/\/lab.mkservices.io\/index.php\/wp-json\/wp\/v2\/pages\/1473\/revisions\/2466"}],"wp:attachment":[{"href":"https:\/\/lab.mkservices.io\/index.php\/wp-json\/wp\/v2\/media?parent=1473"}],"curies":[{"name":"wp","href":"https:\/\/api.w.org\/{rel}","templated":true}]}}