{"id":1385,"date":"2023-08-23T04:06:37","date_gmt":"2023-08-23T04:06:37","guid":{"rendered":"https:\/\/lab.mkservices.io\/?page_id=1385"},"modified":"2023-08-30T15:43:17","modified_gmt":"2023-08-30T15:43:17","slug":"infraestructura","status":"publish","type":"page","link":"https:\/\/lab.mkservices.io\/index.php\/infraestructura\/","title":{"rendered":"Infraestructura"},"content":{"rendered":"\t\t<div data-elementor-type=\"wp-page\" data-elementor-id=\"1385\" class=\"elementor elementor-1385\" data-elementor-post-type=\"page\">\n\t\t\t\t<div class=\"elementor-element elementor-element-582f5d9a e-grid e-con-boxed e-con e-parent\" data-id=\"582f5d9a\" data-element_type=\"container\" data-e-type=\"container\">\n\t\t\t\t\t<div class=\"e-con-inner\">\n\t\t\t\t<div class=\"elementor-element elementor-element-5f839d84 elementor-widget elementor-widget-heading\" data-id=\"5f839d84\" data-element_type=\"widget\" data-e-type=\"widget\" data-widget_type=\"heading.default\">\n\t\t\t\t<div class=\"elementor-widget-container\">\n\t\t\t\t\t<h1 class=\"elementor-heading-title elementor-size-default\">Infraestructura en la nube<\/h1>\t\t\t\t<\/div>\n\t\t\t\t<\/div>\n\t\t\t\t\t<\/div>\n\t\t\t\t<\/div>\n\t\t<div class=\"elementor-element elementor-element-450b9ea3 e-grid e-con-boxed e-con e-parent\" data-id=\"450b9ea3\" data-element_type=\"container\" data-e-type=\"container\">\n\t\t\t\t\t<div class=\"e-con-inner\">\n\t\t\t\t<div class=\"elementor-element elementor-element-4910ad75 elementor-widget elementor-widget-image\" data-id=\"4910ad75\" data-element_type=\"widget\" data-e-type=\"widget\" data-widget_type=\"image.default\">\n\t\t\t\t<div class=\"elementor-widget-container\">\n\t\t\t\t\t\t\t\t\t\t\t\t\t\t\t<img decoding=\"async\" src=\"https:\/\/lab.mkservices.io\/wp-content\/uploads\/2023\/08\/server-room-modern-data-center-2022-12-16-11-11-23-utc-Reduced.jpg\" title=\"Server room, modern data center.\" alt=\"Server room, modern data center. 3D illustration\" loading=\"lazy\" \/>\t\t\t\t\t\t\t\t\t\t\t\t\t\t\t<\/div>\n\t\t\t\t<\/div>\n\t\t\t\t\t<\/div>\n\t\t\t\t<\/div>\n\t\t<div class=\"elementor-element elementor-element-3ab40d67 e-grid e-con-boxed e-con e-parent\" data-id=\"3ab40d67\" data-element_type=\"container\" data-e-type=\"container\">\n\t\t\t\t\t<div class=\"e-con-inner\">\n\t\t\t\t<div class=\"elementor-element elementor-element-4fcf9c32 elementor-widget elementor-widget-text-editor\" data-id=\"4fcf9c32\" data-element_type=\"widget\" data-e-type=\"widget\" data-widget_type=\"text-editor.default\">\n\t\t\t\t<div class=\"elementor-widget-container\">\n\t\t\t\t\t\t\t\t\t<p>Proveemos infraestructura de servidores virtuales privados en la nube totalmente configurables de forma din\u00e1mica y flexible que se ajustan a las necesidades de cada cliente.<\/p><p>Nuestro servicio le proveer\u00e1 la mejor infraestructura para su compa\u00f1\u00eda, con niveles de seguridad \u00f3ptimos y control de recursos a la medida para evitar gastos innecesarios.<\/p><p>Nuestro servicio de servidores cloud es todo incluido, la soluci\u00f3n ofrecida incluye todos los elementos necesarios a nivel de recursos, seguridad, respaldo, monitoreo y soporte t\u00e9cnico, garantizando de esta forma que no existen costos ocultos o variaciones en la facturaci\u00f3n mes a mes como sucede con otras plataformas del mercado.<\/p>\t\t\t\t\t\t\t\t<\/div>\n\t\t\t\t<\/div>\n\t\t\t\t<div class=\"elementor-element elementor-element-0e199fc elementor-widget elementor-widget-spacer\" data-id=\"0e199fc\" data-element_type=\"widget\" data-e-type=\"widget\" data-widget_type=\"spacer.default\">\n\t\t\t\t<div class=\"elementor-widget-container\">\n\t\t\t\t\t\t\t<div class=\"elementor-spacer\">\n\t\t\t<div class=\"elementor-spacer-inner\"><\/div>\n\t\t<\/div>\n\t\t\t\t\t\t<\/div>\n\t\t\t\t<\/div>\n\t\t\t\t\t<\/div>\n\t\t\t\t<\/div>\n\t\t<div class=\"elementor-element elementor-element-21b5cb4f e-grid e-con-boxed e-con e-parent\" data-id=\"21b5cb4f\" data-element_type=\"container\" data-e-type=\"container\">\n\t\t\t\t\t<div class=\"e-con-inner\">\n\t\t\t\t<div class=\"elementor-element elementor-element-6c8e9f8a elementor-widget elementor-widget-text-editor\" data-id=\"6c8e9f8a\" data-element_type=\"widget\" data-e-type=\"widget\" data-widget_type=\"text-editor.default\">\n\t\t\t\t<div class=\"elementor-widget-container\">\n\t\t\t\t\t\t\t\t\t<div class=\"elementor-element elementor-element-1cf463e2 elementor-widget elementor-widget-heading\" data-id=\"1cf463e2\" data-element_type=\"widget\" data-widget_type=\"heading.default\">\n<div class=\"elementor-widget-container\">\n<h1 class=\"elementor-heading-title elementor-size-default\"><span style=\"color: #f4f4f4;\">Equipo calificado<\/span><\/h1>\n<p><\/p>\n<\/div>\n<\/div>\n<div class=\"elementor-element elementor-element-329468af elementor-widget elementor-widget-text-editor\" data-id=\"329468af\" data-element_type=\"widget\" data-widget_type=\"text-editor.default\">\n<div class=\"elementor-widget-container\">\n<p>Somos la empresa con m\u00e1s experiencia en infraestructura en la nube en toda la regi\u00f3n, contamos con los expertos con mayor experiencia del mercado, puede estar seguro que nuestras soluciones reflejan esa experiencia y que le brindaremos atenci\u00f3n especializada y personalizada.<\/p>\n<\/div>\n<\/div>\t\t\t\t\t\t\t\t<\/div>\n\t\t\t\t<\/div>\n\t\t\t\t<div class=\"elementor-element elementor-element-7da8fd78 elementor-widget elementor-widget-image\" data-id=\"7da8fd78\" data-element_type=\"widget\" data-e-type=\"widget\" data-widget_type=\"image.default\">\n\t\t\t\t<div class=\"elementor-widget-container\">\n\t\t\t\t\t\t\t\t\t\t\t\t\t\t\t<img fetchpriority=\"high\" decoding=\"async\" width=\"683\" height=\"683\" src=\"https:\/\/lab.mkservices.io\/wp-content\/uploads\/2023\/08\/happy-businessman-in-glasses-holding-clipboard-in-2022-12-16-18-37-06-utc-reduced-1024.jpg\" class=\"attachment-large size-large wp-image-1369\" alt=\"\" \/>\t\t\t\t\t\t\t\t\t\t\t\t\t\t\t<\/div>\n\t\t\t\t<\/div>\n\t\t\t\t<div class=\"elementor-element elementor-element-b731446 elementor-widget elementor-widget-spacer\" data-id=\"b731446\" data-element_type=\"widget\" data-e-type=\"widget\" data-widget_type=\"spacer.default\">\n\t\t\t\t<div class=\"elementor-widget-container\">\n\t\t\t\t\t\t\t<div class=\"elementor-spacer\">\n\t\t\t<div class=\"elementor-spacer-inner\"><\/div>\n\t\t<\/div>\n\t\t\t\t\t\t<\/div>\n\t\t\t\t<\/div>\n\t\t\t\t<div class=\"elementor-element elementor-element-6ea82a9 elementor-widget elementor-widget-spacer\" data-id=\"6ea82a9\" data-element_type=\"widget\" data-e-type=\"widget\" data-widget_type=\"spacer.default\">\n\t\t\t\t<div class=\"elementor-widget-container\">\n\t\t\t\t\t\t\t<div class=\"elementor-spacer\">\n\t\t\t<div class=\"elementor-spacer-inner\"><\/div>\n\t\t<\/div>\n\t\t\t\t\t\t<\/div>\n\t\t\t\t<\/div>\n\t\t\t\t<div class=\"elementor-element elementor-element-7a8ae878 elementor-widget elementor-widget-image\" data-id=\"7a8ae878\" data-element_type=\"widget\" data-e-type=\"widget\" data-widget_type=\"image.default\">\n\t\t\t\t<div class=\"elementor-widget-container\">\n\t\t\t\t\t\t\t\t\t\t\t\t\t\t\t<img decoding=\"async\" width=\"698\" height=\"698\" src=\"https:\/\/lab.mkservices.io\/wp-content\/uploads\/2023\/08\/database-tablet-server-room-and-engineer-man-look-2023-02-25-00-12-25-utc-reduced-1024.jpg\" class=\"attachment-large size-large wp-image-1371\" alt=\"\" \/>\t\t\t\t\t\t\t\t\t\t\t\t\t\t\t<\/div>\n\t\t\t\t<\/div>\n\t\t\t\t<div class=\"elementor-element elementor-element-6262cb62 elementor-widget elementor-widget-text-editor\" data-id=\"6262cb62\" data-element_type=\"widget\" data-e-type=\"widget\" data-widget_type=\"text-editor.default\">\n\t\t\t\t<div class=\"elementor-widget-container\">\n\t\t\t\t\t\t\t\t\t<div data-id=\"548b9e11\" data-element_type=\"widget\" data-widget_type=\"heading.default\"><div><h1>Soluciones Seguras<\/h1><\/div><\/div><div class=\"elementor-element elementor-element-5bd17e79 elementor-widget elementor-widget-text-editor\" data-id=\"5bd17e79\" data-element_type=\"widget\" data-widget_type=\"text-editor.default\"><div class=\"elementor-widget-container\"><p>Todos nuestros servicios de infraestructura en la nube cuentan con un servicio de router virtual de \u00faltima tecnolog\u00eda, le proveemos a cada cliente toda la funcionalidad de un Router avanzado, un Firewall Virtual y un concentrador de VPNs. Esto le permitir\u00e1 a su empresa crear redes sofisticadas y \u00e1giles en una fracci\u00f3n del tiempo y del costo de una estrategia tradicional basada en infraestructura local o de otros proveedores de nube.<\/p><\/div><\/div>\t\t\t\t\t\t\t\t<\/div>\n\t\t\t\t<\/div>\n\t\t\t\t<div class=\"elementor-element elementor-element-1acb760 elementor-widget elementor-widget-spacer\" data-id=\"1acb760\" data-element_type=\"widget\" data-e-type=\"widget\" data-widget_type=\"spacer.default\">\n\t\t\t\t<div class=\"elementor-widget-container\">\n\t\t\t\t\t\t\t<div class=\"elementor-spacer\">\n\t\t\t<div class=\"elementor-spacer-inner\"><\/div>\n\t\t<\/div>\n\t\t\t\t\t\t<\/div>\n\t\t\t\t<\/div>\n\t\t\t\t<div class=\"elementor-element elementor-element-4e3d219 elementor-widget elementor-widget-spacer\" data-id=\"4e3d219\" data-element_type=\"widget\" data-e-type=\"widget\" data-widget_type=\"spacer.default\">\n\t\t\t\t<div class=\"elementor-widget-container\">\n\t\t\t\t\t\t\t<div class=\"elementor-spacer\">\n\t\t\t<div class=\"elementor-spacer-inner\"><\/div>\n\t\t<\/div>\n\t\t\t\t\t\t<\/div>\n\t\t\t\t<\/div>\n\t\t\t\t<div class=\"elementor-element elementor-element-20f816da elementor-widget elementor-widget-text-editor\" data-id=\"20f816da\" data-element_type=\"widget\" data-e-type=\"widget\" data-widget_type=\"text-editor.default\">\n\t\t\t\t<div class=\"elementor-widget-container\">\n\t\t\t\t\t\t\t\t\t<div data-id=\"756d945e\" data-element_type=\"widget\" data-widget_type=\"heading.default\">\n<div>\n<h1>Copia de Seguridad<\/h1>\n<\/div>\n<\/div>\n<div data-id=\"4fb1a6a\" data-element_type=\"widget\" data-widget_type=\"text-editor.default\">\n<div>\n<p>Toda la infraestructura brindada por Grupo Eximo cuenta con un esquema de copia de seguridad con una rutina de respaldos optimizada sin ning\u00fan costo adicional, de esta forma puede estar tranquilo ya que su informaci\u00f3n tiene niveles de riesgo aceptable en caso de peligro o perdida.<\/p>\n<\/div>\n<\/div>\t\t\t\t\t\t\t\t<\/div>\n\t\t\t\t<\/div>\n\t\t\t\t<div class=\"elementor-element elementor-element-5e2fd492 elementor-widget elementor-widget-image\" data-id=\"5e2fd492\" data-element_type=\"widget\" data-e-type=\"widget\" data-widget_type=\"image.default\">\n\t\t\t\t<div class=\"elementor-widget-container\">\n\t\t\t\t\t\t\t\t\t\t\t\t\t\t\t<img decoding=\"async\" width=\"683\" height=\"683\" src=\"https:\/\/lab.mkservices.io\/wp-content\/uploads\/2023\/08\/hands-of-male-computer-engineer-monitoring-hyperco-2022-12-16-09-52-07-utc-reduced-1024.jpg\" class=\"attachment-large size-large wp-image-1373\" alt=\"\" \/>\t\t\t\t\t\t\t\t\t\t\t\t\t\t\t<\/div>\n\t\t\t\t<\/div>\n\t\t\t\t\t<\/div>\n\t\t\t\t<\/div>\n\t\t\t\t<\/div>\n\t\t","protected":false},"excerpt":{"rendered":"<p>Infraestructura en la nube Proveemos infraestructura de servidores virtuales privados en la nube totalmente configurables de forma din\u00e1mica y flexible que se ajustan a las necesidades de cada cliente. Nuestro servicio le proveer\u00e1 la mejor infraestructura para su compa\u00f1\u00eda, con niveles de seguridad \u00f3ptimos y control de recursos a la medida para evitar gastos innecesarios. [&hellip;]<\/p>\n","protected":false},"author":1,"featured_media":0,"parent":0,"menu_order":0,"comment_status":"closed","ping_status":"closed","template":"elementor_header_footer","meta":{"footnotes":""},"class_list":["post-1385","page","type-page","status-publish","hentry"],"rttpg_featured_image_url":null,"rttpg_author":{"display_name":"admin","author_link":"https:\/\/lab.mkservices.io\/index.php\/author\/msanchez\/"},"rttpg_comment":0,"rttpg_category":" <a href=\"https:\/\/lab.mkservices.io\/?taxonomy=translation_priority&#038;term=opcional\" rel=\"tag\">Opcional<\/a>","rttpg_excerpt":"Infraestructura en la nube Proveemos infraestructura de servidores virtuales privados en la nube totalmente configurables de forma din\u00e1mica y flexible que se ajustan a las necesidades de cada cliente. Nuestro servicio le proveer\u00e1 la mejor infraestructura para su compa\u00f1\u00eda, con niveles de seguridad \u00f3ptimos y control de recursos a la medida para evitar gastos innecesarios.&hellip;","_links":{"self":[{"href":"https:\/\/lab.mkservices.io\/index.php\/wp-json\/wp\/v2\/pages\/1385","targetHints":{"allow":["GET"]}}],"collection":[{"href":"https:\/\/lab.mkservices.io\/index.php\/wp-json\/wp\/v2\/pages"}],"about":[{"href":"https:\/\/lab.mkservices.io\/index.php\/wp-json\/wp\/v2\/types\/page"}],"author":[{"embeddable":true,"href":"https:\/\/lab.mkservices.io\/index.php\/wp-json\/wp\/v2\/users\/1"}],"replies":[{"embeddable":true,"href":"https:\/\/lab.mkservices.io\/index.php\/wp-json\/wp\/v2\/comments?post=1385"}],"version-history":[{"count":65,"href":"https:\/\/lab.mkservices.io\/index.php\/wp-json\/wp\/v2\/pages\/1385\/revisions"}],"predecessor-version":[{"id":2444,"href":"https:\/\/lab.mkservices.io\/index.php\/wp-json\/wp\/v2\/pages\/1385\/revisions\/2444"}],"wp:attachment":[{"href":"https:\/\/lab.mkservices.io\/index.php\/wp-json\/wp\/v2\/media?parent=1385"}],"curies":[{"name":"wp","href":"https:\/\/api.w.org\/{rel}","templated":true}]}}